{"id":1250,"date":"2024-02-06T21:05:10","date_gmt":"2024-02-06T20:05:10","guid":{"rendered":"https:\/\/propor2024.citius.gal\/?page_id=1250"},"modified":"2024-03-08T10:41:03","modified_gmt":"2024-03-08T09:41:03","slug":"annotating-dependency-syntax-for-treebank-development","status":"publish","type":"page","link":"https:\/\/propor2024.citius.gal\/index.php\/annotating-dependency-syntax-for-treebank-development\/","title":{"rendered":"Annotating dependency syntax for treebank development"},"content":{"rendered":"<p>[et_pb_section fb_built=&#8221;1&#8243; _builder_version=&#8221;4.20.2&#8243; _module_preset=&#8221;default&#8221; background_image=&#8221;https:\/\/propor2024.citius.gal\/wp-content\/uploads\/2023\/03\/fotoSantiagoCatedral.jpg&#8221; height=&#8221;500px&#8221; custom_padding=&#8221;0px||0px||false|false&#8221; custom_css_main_element=&#8221;position:relative;&#8221; global_colors_info=&#8221;{}&#8221;][et_pb_row _builder_version=&#8221;4.20.2&#8243; _module_preset=&#8221;default&#8221; width=&#8221;100%&#8221; max_width=&#8221;100%&#8221; height=&#8221;501px&#8221; custom_margin=&#8221;|auto|24px|auto||&#8221; custom_padding=&#8221;0px||0px||false|false&#8221; custom_css_main_element=&#8221;display:flex;||flex-wrap:wrap;||align-content:flex-end;&#8221; global_colors_info=&#8221;{}&#8221;][et_pb_column type=&#8221;4_4&#8243; _builder_version=&#8221;4.20.2&#8243; _module_preset=&#8221;default&#8221; global_colors_info=&#8221;{}&#8221;][et_pb_text module_id=&#8221;textHome&#8221; module_class=&#8221;textTitleName&#8221; _builder_version=&#8221;4.20.2&#8243; _module_preset=&#8221;default&#8221; text_font=&#8221;|700|||||||&#8221; text_text_color=&#8221;#050505&#8243; text_font_size=&#8221;32px&#8221; background_color=&#8221;#FFFFFF&#8221; text_orientation=&#8221;center&#8221; width=&#8221;100%&#8221; height=&#8221;100px&#8221; custom_margin=&#8221;|-298px|||false|false&#8221; custom_padding=&#8221;||20px||false|false&#8221; custom_css_main_element=&#8221;position:relative;||display:flex;||flex-wrap:wrap;||align-content:center;||justify-content:center;||||&#8221; border_radii=&#8221;off||||&#8221; global_colors_info=&#8221;{}&#8221; custom_css_main_element_last_edited=&#8221;on|phone&#8221; custom_css_main_element_tablet=&#8221;position:relative;||display:flex;||flex-wrap:wrap;||align-content:center;||justify-content:center;||top:1px;&#8221; custom_css_main_element_phone=&#8221;position:relative;||display:flex;||flex-wrap:wrap;||align-content:center;||justify-content:center;||top:1px;&#8221;]<\/p>\n<p align=\"left\">Annotating dependency syntax for treebank development<\/p>\n<p>[\/et_pb_text][\/et_pb_column][\/et_pb_row][\/et_pb_section][et_pb_section fb_built=&#8221;1&#8243; _builder_version=&#8221;4.20.2&#8243; _module_preset=&#8221;default&#8221; custom_padding=&#8221;25px||25px||true|false&#8221; global_colors_info=&#8221;{}&#8221;][et_pb_row _builder_version=&#8221;4.20.2&#8243; _module_preset=&#8221;default&#8221; global_colors_info=&#8221;{}&#8221;][et_pb_column type=&#8221;4_4&#8243; _builder_version=&#8221;4.20.2&#8243; _module_preset=&#8221;default&#8221; global_colors_info=&#8221;{}&#8221;][et_pb_text _builder_version=&#8221;4.20.2&#8243; _module_preset=&#8221;default&#8221; text_text_color=&#8221;#252525&#8243; global_colors_info=&#8221;{}&#8221;]<\/p>\n<p><strong>General information<\/strong><\/p>\n<p>Venue: <span style=\"font-size: 14px;\">Cidade da Cultura, Edif\u00edcio Font\u00e1n, Room 10, day 12, from 14.30h to 18h.<\/span><\/p>\n<p>For USC students, the registration to the tutorials is free (even the coffee break \ud83d\ude09). You can register by sending the name of the tutorial or tutorials you want to attend to this email: &lt;propor2024@gmail.com&gt;. The conference organisers are offering free shuttle buses:<\/p>\n<p>Official PROPOR shuttles: The organisation will provide shuttles to the conference in the morning and back at the end of each day. The buses will leave from the Hotel Exe Peregrino, and will stop at Praza de Galicia, at Porta do Cami\u00f1o, and at the hotels located in the San L\u00e1zaro area (Hotel Eurostars San L\u00e1zaro, and Hotel Puerta del Camino).<\/p>\n<p align=\"left\"><strong>Requirements<\/strong><strong><\/strong><\/p>\n<p align=\"left\">A laptop is required to participate in the tutorial.<\/p>\n<p align=\"left\"><strong style=\"font-size: 14px;\">Description<\/strong><\/p>\n<p align=\"left\">This tutorial will focus on dependency syntax annotation with a view to developing treebanks for NLP applications. It seeks to promote human resources development through discussion and activities aimed at building skills for treebank annotation and curation. The tutorial comprises two parts. The first part will start with a very brief introduction to dependency syntax and its potential for NLP. Next, we will introduce the main tenets of the Universal Dependencies (UD)1 framework and present the UD tagsets for morphosyntactic annotation. Subsequently, an overview of available treebanks and state-of-the art dependency parsers will be provided. In the second part of the tutorial, attendees will take part in a hands-on session using an online parser and revising its output in an online platform for dependency syntax annotation. Finally, validation of dependency syntax annotations will be explored as a step to build resources that can be contributed to the UD repository and shared among the NLP community. <br \/>While a special focus will be given to the computational processing of Portuguese, all delegates pursuing research on NLP are welcome to attend, regardless of the languages they are proficient in or are currently working on. Attendees will be able to choose the language(s) they would like to explore during the hands-on session.<\/p>\n<p><strong><\/strong><\/p>\n<p align=\"justify\"><strong>Bibliography<\/strong><\/p>\n<p align=\"left\">de Marneffe, M.-C., Dozat, T., Silveira, N., Haverinen, K., Ginter, F., Nivre, J., &amp; Manning, C. D. (2014). Universal Stanford Dependencies\u202f: A Cross-Linguistic Typology. Proceedings of the Ninth International Conference on Language Resources and Evaluation (LREC), 4585\u20134592.<br \/>Duran, M.S. 2021. Manual de Anota\u00e7\u00e3o de PoS tags: Orienta\u00e7\u00f5es para anota\u00e7\u00e3o de etiquetas morfossint\u00e1ticas em L\u00edngua Portuguesa, seguindo as diretrizes da abordagem Universal Dependencies (UD). Relat\u00f3rio T\u00e9cnico do ICMC 434. Instituto de Ci\u00eancias Matem\u00e1ticas e de Computa\u00e7\u00e3o, Universidade de S\u00e3o Paulo.<br \/>Duran, M.S. 2022. Manual de Anota\u00e7\u00e3o de Rela\u00e7\u00f5es de Depend\u00eancia &#8211; Vers\u00e3o Revisada e Estendida: Orienta\u00e7\u00f5es para anota\u00e7\u00e3o de rela\u00e7\u00f5es de depend\u00eancia sint\u00e1tica em L\u00edngua Portuguesa, seguindo as diretrizes da abordagem Universal Dependencies (UD). Relat\u00f3rio T\u00e9cnico do ICMC 440. Instituto de Ci\u00eancias Matem\u00e1ticas e de Computa\u00e7\u00e3o, Universidade de S\u00e3o Paulo.<br \/>Pagano, A., Duran, M.S. and Pardo, T.A.S. 2023. Enhanced dependencies para o portugu\u00eas brasileiro. In Proceedings of the 2nd Edition of the Universal Dependencies Brazilian Festival, pp 461\u2013470, Belo Horizonte, Brazil. Association for Computational Linguistics. <br \/>Pagano, A., Rassi, A., Pagano, A.C. 2023. A ordem e a fun\u00e7\u00e3o das palavras em uma senten\u00e7a. In Caseli, H.M.; Nunes, M.G.V. (ed.) Processamento de Linguagem Natural: Conceitos, T\u00e9cnicas e Aplica\u00e7\u00f5es em Portugu\u00eas. BPLN, 2023. Dispon\u00edvel em: https:\/\/brasileiraspln.com\/livro-pln.<br \/>Universal Dependencies annotation guidelines. Online documentation. Available at: https:\/\/universaldependencies.org\/guidelines.html.<\/p>\n<p><strong>Syllabus<\/strong><\/p>\n<p>Part 1<br \/>A brief history of dependency syntax: theoretical and methodological assumptions<br \/>The Universal Dependency framework for annotation<br \/>Guidelines and tagsets<br \/>Dependency parsers<br \/>Annotation tools<\/p>\n<p>Coffee-break<\/p>\n<p>Part 2<br \/>Hands-on activity<br \/>Sample text pre-processing and parsing<br \/>Annotation<br \/>Validation of annotation output<\/p>\n<p align=\"left\"><span style=\"font-size: 14px;\"><\/span><\/p>\n<p align=\"left\"><strong style=\"font-size: 14px;\">Tutorial Instructors<\/strong><\/p>\n<p align=\"left\">Adriana S Pagano &#8211; Universidade Federal de Minas Gerais (UFMG)- apagano@ufmg.br<\/p>\n<p align=\"left\"><strong style=\"font-size: 14px;\"><\/strong><\/p>\n<p align=\"left\"><strong style=\"font-size: 14px;\">Dates<\/strong><\/p>\n<section id=\"h.25f2ebfea28890a4_81\" class=\"yaqOZd\">\n<div class=\"mYVXT\">\n<div class=\"LS81yb VICjCf j5pSsc db35Fc\" tabindex=\"-1\">\n<div class=\"hJDwNd-AhqUyc-uQSCkd Ft7HRd-AhqUyc-uQSCkd purZT-AhqUyc-II5mzb ZcASvf-AhqUyc-II5mzb pSzOP-AhqUyc-qWD73c Ktthjf-AhqUyc-qWD73c JNdkSc SQVYQc\">\n<div class=\"JNdkSc-SmKAyb LkDMRd\">\n<div class=\"\" jscontroller=\"sGwD4d\" jsaction=\"zXBUYb:zTPCnb;zQF9Uc:Qxe3nd;\" jsname=\"F57UId\">\n<div class=\"oKdM2c ZZyype Kzv0Me\">\n<div id=\"h.25f2ebfea28890a4_78\" class=\"hJDwNd-AhqUyc-uQSCkd Ft7HRd-AhqUyc-uQSCkd jXK9ad D2fZ2 zu5uec OjCsFc dmUFtb wHaque g5GTcb\">\n<div class=\"jXK9ad-SmKAyb\">\n<div class=\"tyJCtd mGzaTb Depvyb baZpAe\">\n<ul class=\"n8H08c UVNKR \">\n<li dir=\"ltr\" class=\"zfr3Q TYR86d eD0Rn \"><span style=\"font-size: 14px;\">Workshop day: 12\/03\/2024\u00a0<\/span><\/li>\n<\/ul>\n<\/div>\n<\/div>\n<\/div>\n<\/div>\n<\/div>\n<\/div>\n<\/div>\n<\/div>\n<\/div>\n<\/section>\n<p><strong><\/strong><\/p>\n<p>&nbsp;<\/p>\n<p>&nbsp;<\/p>\n<p>&nbsp;<\/p>\n<p>&nbsp;<\/p>\n<p>&nbsp;<\/p>\n<p>&nbsp;<\/p>\n<p>&nbsp;<\/p>\n<p>&nbsp;<\/p>\n<p>[\/et_pb_text][\/et_pb_column][\/et_pb_row][\/et_pb_section]<\/p>\n","protected":false},"excerpt":{"rendered":"<p>Annotating dependency syntax for treebank developmentGeneral information Venue: Cidade da Cultura, Edif\u00edcio Font\u00e1n, Room 10, day 12, from 14.30h to 18h. For USC students, the registration to the tutorials is free (even the coffee break \ud83d\ude09). You can register by sending the name of the tutorial or tutorials you want to attend to this email: [&hellip;]<\/p>\n","protected":false},"author":1,"featured_media":0,"parent":0,"menu_order":0,"comment_status":"closed","ping_status":"closed","template":"","meta":{"_et_pb_use_builder":"on","_et_pb_old_content":"","_et_gb_content_width":""},"yoast_head":"<!-- This site is optimized with the Yoast SEO plugin v20.4 - https:\/\/yoast.com\/wordpress\/plugins\/seo\/ -->\n<title>Annotating dependency syntax for treebank development - PROPOR 2024 - Universidade de Santiago de Compostela<\/title>\n<meta name=\"robots\" content=\"index, follow, max-snippet:-1, max-image-preview:large, max-video-preview:-1\" \/>\n<link rel=\"canonical\" href=\"https:\/\/propor2024.citius.gal\/index.php\/annotating-dependency-syntax-for-treebank-development\/\" \/>\n<meta name=\"twitter:card\" content=\"summary_large_image\" \/>\n<meta name=\"twitter:title\" content=\"Annotating dependency syntax for treebank development - PROPOR 2024 - Universidade de Santiago de Compostela\" \/>\n<meta name=\"twitter:description\" content=\"Annotating dependency syntax for treebank developmentGeneral information Venue: Cidade da Cultura, Edif\u00edcio Font\u00e1n, Room 10, day 12, from 14.30h to 18h. For USC students, the registration to the tutorials is free (even the coffee break \ud83d\ude09). You can register by sending the name of the tutorial or tutorials you want to attend to this email: [&hellip;]\" \/>\n<script type=\"application\/ld+json\" class=\"yoast-schema-graph\">{\"@context\":\"https:\/\/schema.org\",\"@graph\":[{\"@type\":\"WebPage\",\"@id\":\"https:\/\/propor2024.citius.gal\/index.php\/annotating-dependency-syntax-for-treebank-development\/\",\"url\":\"https:\/\/propor2024.citius.gal\/index.php\/annotating-dependency-syntax-for-treebank-development\/\",\"name\":\"Annotating dependency syntax for treebank development - PROPOR 2024 - Universidade de Santiago de Compostela\",\"isPartOf\":{\"@id\":\"https:\/\/propor2024.citius.gal\/#website\"},\"datePublished\":\"2024-02-06T20:05:10+00:00\",\"dateModified\":\"2024-03-08T09:41:03+00:00\",\"breadcrumb\":{\"@id\":\"https:\/\/propor2024.citius.gal\/index.php\/annotating-dependency-syntax-for-treebank-development\/#breadcrumb\"},\"inLanguage\":\"en-GB\",\"potentialAction\":[{\"@type\":\"ReadAction\",\"target\":[\"https:\/\/propor2024.citius.gal\/index.php\/annotating-dependency-syntax-for-treebank-development\/\"]}]},{\"@type\":\"BreadcrumbList\",\"@id\":\"https:\/\/propor2024.citius.gal\/index.php\/annotating-dependency-syntax-for-treebank-development\/#breadcrumb\",\"itemListElement\":[{\"@type\":\"ListItem\",\"position\":1,\"name\":\"Home\",\"item\":\"https:\/\/propor2024.citius.gal\/\"},{\"@type\":\"ListItem\",\"position\":2,\"name\":\"Annotating dependency syntax for treebank development\"}]},{\"@type\":\"WebSite\",\"@id\":\"https:\/\/propor2024.citius.gal\/#website\",\"url\":\"https:\/\/propor2024.citius.gal\/\",\"name\":\"PROPOR 2024 - Universidade de Santiago de Compostela\",\"description\":\"International Conference on Computational Processing of Portuguese\",\"publisher\":{\"@id\":\"https:\/\/propor2024.citius.gal\/#organization\"},\"potentialAction\":[{\"@type\":\"SearchAction\",\"target\":{\"@type\":\"EntryPoint\",\"urlTemplate\":\"https:\/\/propor2024.citius.gal\/?s={search_term_string}\"},\"query-input\":\"required name=search_term_string\"}],\"inLanguage\":\"en-GB\"},{\"@type\":\"Organization\",\"@id\":\"https:\/\/propor2024.citius.gal\/#organization\",\"name\":\"PROPOR 2024 - Universidade de Santiago de Compostela\",\"url\":\"https:\/\/propor2024.citius.gal\/\",\"logo\":{\"@type\":\"ImageObject\",\"inLanguage\":\"en-GB\",\"@id\":\"https:\/\/propor2024.citius.gal\/#\/schema\/logo\/image\/\",\"url\":\"http:\/\/172.16.240.236\/wp-content\/uploads\/2023\/03\/faviconPROPOR2024.png\",\"contentUrl\":\"http:\/\/172.16.240.236\/wp-content\/uploads\/2023\/03\/faviconPROPOR2024.png\",\"width\":200,\"height\":200,\"caption\":\"PROPOR 2024 - Universidade de Santiago de Compostela\"},\"image\":{\"@id\":\"https:\/\/propor2024.citius.gal\/#\/schema\/logo\/image\/\"}}]}<\/script>\n<!-- \/ Yoast SEO plugin. -->","yoast_head_json":{"title":"Annotating dependency syntax for treebank development - PROPOR 2024 - Universidade de Santiago de Compostela","robots":{"index":"index","follow":"follow","max-snippet":"max-snippet:-1","max-image-preview":"max-image-preview:large","max-video-preview":"max-video-preview:-1"},"canonical":"https:\/\/propor2024.citius.gal\/index.php\/annotating-dependency-syntax-for-treebank-development\/","twitter_card":"summary_large_image","twitter_title":"Annotating dependency syntax for treebank development - PROPOR 2024 - Universidade de Santiago de Compostela","twitter_description":"Annotating dependency syntax for treebank developmentGeneral information Venue: Cidade da Cultura, Edif\u00edcio Font\u00e1n, Room 10, day 12, from 14.30h to 18h. For USC students, the registration to the tutorials is free (even the coffee break \ud83d\ude09). You can register by sending the name of the tutorial or tutorials you want to attend to this email: [&hellip;]","schema":{"@context":"https:\/\/schema.org","@graph":[{"@type":"WebPage","@id":"https:\/\/propor2024.citius.gal\/index.php\/annotating-dependency-syntax-for-treebank-development\/","url":"https:\/\/propor2024.citius.gal\/index.php\/annotating-dependency-syntax-for-treebank-development\/","name":"Annotating dependency syntax for treebank development - PROPOR 2024 - Universidade de Santiago de Compostela","isPartOf":{"@id":"https:\/\/propor2024.citius.gal\/#website"},"datePublished":"2024-02-06T20:05:10+00:00","dateModified":"2024-03-08T09:41:03+00:00","breadcrumb":{"@id":"https:\/\/propor2024.citius.gal\/index.php\/annotating-dependency-syntax-for-treebank-development\/#breadcrumb"},"inLanguage":"en-GB","potentialAction":[{"@type":"ReadAction","target":["https:\/\/propor2024.citius.gal\/index.php\/annotating-dependency-syntax-for-treebank-development\/"]}]},{"@type":"BreadcrumbList","@id":"https:\/\/propor2024.citius.gal\/index.php\/annotating-dependency-syntax-for-treebank-development\/#breadcrumb","itemListElement":[{"@type":"ListItem","position":1,"name":"Home","item":"https:\/\/propor2024.citius.gal\/"},{"@type":"ListItem","position":2,"name":"Annotating dependency syntax for treebank development"}]},{"@type":"WebSite","@id":"https:\/\/propor2024.citius.gal\/#website","url":"https:\/\/propor2024.citius.gal\/","name":"PROPOR 2024 - Universidade de Santiago de Compostela","description":"International Conference on Computational Processing of Portuguese","publisher":{"@id":"https:\/\/propor2024.citius.gal\/#organization"},"potentialAction":[{"@type":"SearchAction","target":{"@type":"EntryPoint","urlTemplate":"https:\/\/propor2024.citius.gal\/?s={search_term_string}"},"query-input":"required name=search_term_string"}],"inLanguage":"en-GB"},{"@type":"Organization","@id":"https:\/\/propor2024.citius.gal\/#organization","name":"PROPOR 2024 - Universidade de Santiago de Compostela","url":"https:\/\/propor2024.citius.gal\/","logo":{"@type":"ImageObject","inLanguage":"en-GB","@id":"https:\/\/propor2024.citius.gal\/#\/schema\/logo\/image\/","url":"http:\/\/172.16.240.236\/wp-content\/uploads\/2023\/03\/faviconPROPOR2024.png","contentUrl":"http:\/\/172.16.240.236\/wp-content\/uploads\/2023\/03\/faviconPROPOR2024.png","width":200,"height":200,"caption":"PROPOR 2024 - Universidade de Santiago de Compostela"},"image":{"@id":"https:\/\/propor2024.citius.gal\/#\/schema\/logo\/image\/"}}]}},"_links":{"self":[{"href":"https:\/\/propor2024.citius.gal\/index.php\/wp-json\/wp\/v2\/pages\/1250"}],"collection":[{"href":"https:\/\/propor2024.citius.gal\/index.php\/wp-json\/wp\/v2\/pages"}],"about":[{"href":"https:\/\/propor2024.citius.gal\/index.php\/wp-json\/wp\/v2\/types\/page"}],"author":[{"embeddable":true,"href":"https:\/\/propor2024.citius.gal\/index.php\/wp-json\/wp\/v2\/users\/1"}],"replies":[{"embeddable":true,"href":"https:\/\/propor2024.citius.gal\/index.php\/wp-json\/wp\/v2\/comments?post=1250"}],"version-history":[{"count":5,"href":"https:\/\/propor2024.citius.gal\/index.php\/wp-json\/wp\/v2\/pages\/1250\/revisions"}],"predecessor-version":[{"id":1555,"href":"https:\/\/propor2024.citius.gal\/index.php\/wp-json\/wp\/v2\/pages\/1250\/revisions\/1555"}],"wp:attachment":[{"href":"https:\/\/propor2024.citius.gal\/index.php\/wp-json\/wp\/v2\/media?parent=1250"}],"curies":[{"name":"wp","href":"https:\/\/api.w.org\/{rel}","templated":true}]}}