{"id":1395,"date":"2024-03-07T13:27:12","date_gmt":"2024-03-07T12:27:12","guid":{"rendered":"https:\/\/propor2024.citius.gal\/?page_id=1395"},"modified":"2024-03-07T13:27:12","modified_gmt":"2024-03-07T12:27:12","slug":"keynote-speakers","status":"publish","type":"page","link":"https:\/\/propor2024.citius.gal\/index.php\/keynote-speakers\/","title":{"rendered":"Keynote Speakers"},"content":{"rendered":"<p>[et_pb_section fb_built=&#8221;1&#8243; _builder_version=&#8221;4.20.2&#8243; _module_preset=&#8221;default&#8221; background_image=&#8221;https:\/\/propor2024.citius.gal\/wp-content\/uploads\/2023\/03\/fotoSantiagoCatedral.jpg&#8221; height=&#8221;500px&#8221; custom_padding=&#8221;0px||0px||false|false&#8221; custom_css_main_element=&#8221;position:relative;&#8221; global_colors_info=&#8221;{}&#8221;][et_pb_row _builder_version=&#8221;4.20.2&#8243; _module_preset=&#8221;default&#8221; width=&#8221;100%&#8221; max_width=&#8221;100%&#8221; height=&#8221;500px&#8221; custom_padding=&#8221;0px||0px||false|false&#8221; custom_css_main_element=&#8221;display:flex;||flex-wrap:wrap;||align-content:flex-end;&#8221; global_colors_info=&#8221;{}&#8221;][et_pb_column type=&#8221;4_4&#8243; _builder_version=&#8221;4.20.2&#8243; _module_preset=&#8221;default&#8221; global_colors_info=&#8221;{}&#8221;][\/et_pb_column][\/et_pb_row][\/et_pb_section][et_pb_section fb_built=&#8221;1&#8243; disabled_on=&#8221;off|off|off&#8221; _builder_version=&#8221;4.20.2&#8243; _module_preset=&#8221;default&#8221; custom_margin=&#8221;||||false|false&#8221; custom_padding=&#8221;0px||25px||false|false&#8221; global_colors_info=&#8221;{}&#8221;][et_pb_row _builder_version=&#8221;4.20.2&#8243; _module_preset=&#8221;default&#8221; global_colors_info=&#8221;{}&#8221;][et_pb_column type=&#8221;4_4&#8243; _builder_version=&#8221;4.20.2&#8243; _module_preset=&#8221;default&#8221; global_colors_info=&#8221;{}&#8221;][et_pb_text _builder_version=&#8221;4.20.2&#8243; _module_preset=&#8221;default&#8221; text_font=&#8221;Roboto Flex|600|||||||&#8221; text_text_color=&#8221;#050505&#8243; text_font_size=&#8221;34px&#8221; global_colors_info=&#8221;{}&#8221;]<\/p>\n<p style=\"text-align: center;\">Invited Speakers<\/p>\n<p>[\/et_pb_text][\/et_pb_column][\/et_pb_row][et_pb_row column_structure=&#8221;1_3,1_3,1_3&#8243; _builder_version=&#8221;4.20.2&#8243; _module_preset=&#8221;default&#8221; global_colors_info=&#8221;{}&#8221;][et_pb_column type=&#8221;1_3&#8243; _builder_version=&#8221;4.20.2&#8243; _module_preset=&#8221;default&#8221; global_colors_info=&#8221;{}&#8221;][et_pb_image src=&#8221;https:\/\/propor2024.citius.gal\/wp-content\/uploads\/2023\/12\/EliasTorresFeijo2020.jpeg&#8221; title_text=&#8221;Elias Feij\u00f3&#8221; align=&#8221;center&#8221; _builder_version=&#8221;4.20.2&#8243; _module_preset=&#8221;default&#8221; width=&#8221;230px&#8221; width_tablet=&#8221;230px&#8221; width_phone=&#8221;230px&#8221; width_last_edited=&#8221;on|desktop&#8221; max_width=&#8221;230px&#8221; height=&#8221;226px&#8221; custom_margin=&#8221;||||true|true&#8221; custom_padding=&#8221;||||true|true&#8221; border_radii=&#8221;off|150px|150px|150px|&#8221; border_radii_phone=&#8221;on|160px|160px|160px|160px&#8221; border_radii_last_edited=&#8221;off|phone&#8221; global_colors_info=&#8221;{}&#8221;][\/et_pb_image][et_pb_text _builder_version=&#8221;4.20.2&#8243; _module_preset=&#8221;default&#8221; text_font=&#8221;Roboto Flex||||||||&#8221; text_text_color=&#8221;#252525&#8243; text_line_height=&#8221;1.5em&#8221; header_3_font_size=&#8221;20px&#8221; header_6_text_color=&#8221;#252525&#8243; header_6_font_size=&#8221;16px&#8221; header_6_line_height=&#8221;1.3em&#8221; text_orientation=&#8221;center&#8221; global_colors_info=&#8221;{}&#8221; text_line_height__hover_enabled=&#8221;on|desktop&#8221; text_line_height__hover=&#8221;1.5em&#8221;]<\/p>\n<h3 style=\"text-align: center;\"><strong>Elias Feij\u00f3<\/strong><\/h3>\n<p><strong>March 13, 9:30<\/strong><strong><br \/><\/strong><\/p>\n<h6 style=\"text-align: center;\"><strong>\u00c9 este galego latim em p\u00f3?<\/strong><\/h6>\n<p style=\"text-align: center;\">A vida levou pessoas e comunidades originariamente falantes do galego que acabaria sendo conhecido internacionalmente como portugu\u00eas por diversos centros e cantos do mundo; umha hist\u00f3ria da l\u00edngua de idas e vindas, esquecimentos, dif\u00edceis encontros e desencontros e encontrados interesses; e deste cantinho origin\u00e1rio, por nome ou Galiza ou Gal\u00edcia, o que foi feito dele? E o que tem para dar ou necessita receber? Como tudo, \u00e9 conforme&#8230;<br \/>A oportunidade pode ser boa para entender como as palavras e as l\u00ednguas andam e como este pa\u00eds chegou com a sua l\u00edngua \u00e0 atualidade, o seu estado e possibilidades.<\/p>\n<p>[\/et_pb_text][\/et_pb_column][et_pb_column type=&#8221;1_3&#8243; admin_label=&#8221;Column&#8221; _builder_version=&#8221;4.20.2&#8243; _module_preset=&#8221;default&#8221; global_colors_info=&#8221;{}&#8221;][et_pb_image src=&#8221;https:\/\/propor2024.citius.gal\/wp-content\/uploads\/2023\/12\/photo1702898958.jpeg&#8221; title_text=&#8221;Gemma Boleda&#8221; align=&#8221;center&#8221; _builder_version=&#8221;4.20.2&#8243; _module_preset=&#8221;default&#8221; width=&#8221;230px&#8221; width_tablet=&#8221;&#8221; width_phone=&#8221;&#8221; width_last_edited=&#8221;on|desktop&#8221; max_width=&#8221;230px&#8221; module_alignment=&#8221;center&#8221; height=&#8221;226px&#8221; custom_margin=&#8221;||||true|true&#8221; custom_padding=&#8221;||||true|true&#8221; border_radii=&#8221;on|150px|150px|150px|150px&#8221; border_radii_tablet=&#8221;off|150px|150px|150px|150px&#8221; border_radii_phone=&#8221;on|150px|150px|150px|150px&#8221; border_radii_last_edited=&#8221;on|tablet&#8221; global_colors_info=&#8221;{}&#8221;][\/et_pb_image][et_pb_text _builder_version=&#8221;4.20.2&#8243; _module_preset=&#8221;default&#8221; text_font=&#8221;Roboto Flex||||||||&#8221; text_text_color=&#8221;#252525&#8243; text_line_height=&#8221;1.5em&#8221; header_3_font=&#8221;Roboto Flex||||||||&#8221; header_3_font_size=&#8221;20px&#8221; header_6_text_color=&#8221;#252525&#8243; header_6_font_size=&#8221;16px&#8221; header_6_line_height=&#8221;1.3em&#8221; text_orientation=&#8221;center&#8221; global_colors_info=&#8221;{}&#8221; text_line_height__hover_enabled=&#8221;on|desktop&#8221; text_line_height__hover=&#8221;1.5em&#8221;]<\/p>\n<h3 style=\"text-align: center;\"><strong>Gemma Boleda<\/strong><\/h3>\n<p><strong>March 14, 12:00<\/strong><\/p>\n<h6 style=\"text-align: center;\"><strong>Pressures on the lexicon and their effects<\/strong><\/h6>\n<p style=\"text-align: center;\">An increasing body of research suggests that there are competing pressures on language, with cognitive pressures steering linguistic systems toward simplicity, and communicative pressures toward complexity. I will present a series of studies that explore these pressures from the perspective of the lexicon. These studies examine data from large-scale cross-linguistic lexicons, historical semantic change, language development, and language production, using a variety of quantitative and computational methods. I will argue that the two pressures contribute to explaining key aspects of how lexicons of natural languages are, including the pervasiveness of polysemy and the presence of more general and more specific words.<\/p>\n<p>[\/et_pb_text][\/et_pb_column][et_pb_column type=&#8221;1_3&#8243; _builder_version=&#8221;4.20.2&#8243; _module_preset=&#8221;default&#8221; global_colors_info=&#8221;{}&#8221;][et_pb_image src=&#8221;https:\/\/propor2024.citius.gal\/wp-content\/uploads\/2023\/12\/marta400x400.jpg&#8221; title_text=&#8221;Marta Ruiz&#8221; align=&#8221;center&#8221; _builder_version=&#8221;4.20.2&#8243; _module_preset=&#8221;default&#8221; width=&#8221;230px&#8221; width_tablet=&#8221;&#8221; width_phone=&#8221;&#8221; width_last_edited=&#8221;on|desktop&#8221; max_width=&#8221;230px&#8221; height=&#8221;226px&#8221; border_radii=&#8221;off|150px|150px||150px&#8221; border_radii_tablet=&#8221;off|150px|150px|150px|150px&#8221; border_radii_phone=&#8221;off|150px|150px|150px|150px&#8221; border_radii_last_edited=&#8221;on|phone&#8221; global_colors_info=&#8221;{}&#8221;][\/et_pb_image][et_pb_text _builder_version=&#8221;4.20.2&#8243; _module_preset=&#8221;default&#8221; text_font=&#8221;Roboto Flex||||||||&#8221; text_text_color=&#8221;#252525&#8243; text_line_height=&#8221;1.5em&#8221; header_3_font_size=&#8221;20px&#8221; header_6_text_color=&#8221;#252525&#8243; header_6_font_size=&#8221;16px&#8221; header_6_line_height=&#8221;1.3em&#8221; text_orientation=&#8221;center&#8221; global_colors_info=&#8221;{}&#8221; text_line_height__hover_enabled=&#8221;on|desktop&#8221; text_line_height__hover=&#8221;1.5em&#8221;]<\/p>\n<h3 style=\"text-align: center;\"><strong>Marta Ruiz Costa-juss\u00e0<\/strong><\/h3>\n<p><strong>March 15, 10:00<\/strong><\/p>\n<h6 style=\"text-align: center;\"><strong>Beyond Semantic Evaluation in Seamless Speech Translation Models<\/strong><\/h6>\n<p style=\"text-align: center;\"><span>In this talk, we will discuss various semantic and responsible evaluation methods that we have proposed for SeamlessM4T, a single model capable of handling speech-to-speech, speech-to-text, text-to-speech, and text-to-text translation in up to 100 languages. We will focus on Blaser 2.0, an updated version of our evaluation tool that offers improved accuracy compared to its predecessor when it comes to quality estimation. Additionally, we will present our efforts to ensure the safety and responsibility of the model, including the implementation of a red-teaming system for detecting and mitigating added toxicity, as well as a systematic evaluation of gender bias.<\/span><\/p>\n<p>[\/et_pb_text][\/et_pb_column][\/et_pb_row][\/et_pb_section]<\/p>\n","protected":false},"excerpt":{"rendered":"<p>Invited SpeakersElias Feij\u00f3 March 13, 9:30 \u00c9 este galego latim em p\u00f3? A vida levou pessoas e comunidades originariamente falantes do galego que acabaria sendo conhecido internacionalmente como portugu\u00eas por diversos centros e cantos do mundo; umha hist\u00f3ria da l\u00edngua de idas e vindas, esquecimentos, dif\u00edceis encontros e desencontros e encontrados interesses; e deste cantinho [&hellip;]<\/p>\n","protected":false},"author":1,"featured_media":0,"parent":0,"menu_order":0,"comment_status":"closed","ping_status":"closed","template":"","meta":{"_et_pb_use_builder":"on","_et_pb_old_content":"","_et_gb_content_width":""},"yoast_head":"<!-- This site is optimized with the Yoast SEO plugin v20.4 - https:\/\/yoast.com\/wordpress\/plugins\/seo\/ -->\n<title>Keynote Speakers - PROPOR 2024 - Universidade de Santiago de Compostela<\/title>\n<meta name=\"robots\" content=\"index, follow, max-snippet:-1, max-image-preview:large, max-video-preview:-1\" \/>\n<link rel=\"canonical\" href=\"https:\/\/propor2024.citius.gal\/index.php\/keynote-speakers\/\" \/>\n<meta name=\"twitter:card\" content=\"summary_large_image\" \/>\n<meta name=\"twitter:title\" content=\"Keynote Speakers - PROPOR 2024 - Universidade de Santiago de Compostela\" \/>\n<meta name=\"twitter:description\" content=\"Invited SpeakersElias Feij\u00f3 March 13, 9:30 \u00c9 este galego latim em p\u00f3? A vida levou pessoas e comunidades originariamente falantes do galego que acabaria sendo conhecido internacionalmente como portugu\u00eas por diversos centros e cantos do mundo; umha hist\u00f3ria da l\u00edngua de idas e vindas, esquecimentos, dif\u00edceis encontros e desencontros e encontrados interesses; e deste cantinho [&hellip;]\" \/>\n<script type=\"application\/ld+json\" class=\"yoast-schema-graph\">{\"@context\":\"https:\/\/schema.org\",\"@graph\":[{\"@type\":\"WebPage\",\"@id\":\"https:\/\/propor2024.citius.gal\/index.php\/keynote-speakers\/\",\"url\":\"https:\/\/propor2024.citius.gal\/index.php\/keynote-speakers\/\",\"name\":\"Keynote Speakers - PROPOR 2024 - Universidade de Santiago de Compostela\",\"isPartOf\":{\"@id\":\"https:\/\/propor2024.citius.gal\/#website\"},\"datePublished\":\"2024-03-07T12:27:12+00:00\",\"dateModified\":\"2024-03-07T12:27:12+00:00\",\"breadcrumb\":{\"@id\":\"https:\/\/propor2024.citius.gal\/index.php\/keynote-speakers\/#breadcrumb\"},\"inLanguage\":\"en-GB\",\"potentialAction\":[{\"@type\":\"ReadAction\",\"target\":[\"https:\/\/propor2024.citius.gal\/index.php\/keynote-speakers\/\"]}]},{\"@type\":\"BreadcrumbList\",\"@id\":\"https:\/\/propor2024.citius.gal\/index.php\/keynote-speakers\/#breadcrumb\",\"itemListElement\":[{\"@type\":\"ListItem\",\"position\":1,\"name\":\"Home\",\"item\":\"https:\/\/propor2024.citius.gal\/\"},{\"@type\":\"ListItem\",\"position\":2,\"name\":\"Keynote Speakers\"}]},{\"@type\":\"WebSite\",\"@id\":\"https:\/\/propor2024.citius.gal\/#website\",\"url\":\"https:\/\/propor2024.citius.gal\/\",\"name\":\"PROPOR 2024 - Universidade de Santiago de Compostela\",\"description\":\"International Conference on Computational Processing of Portuguese\",\"publisher\":{\"@id\":\"https:\/\/propor2024.citius.gal\/#organization\"},\"potentialAction\":[{\"@type\":\"SearchAction\",\"target\":{\"@type\":\"EntryPoint\",\"urlTemplate\":\"https:\/\/propor2024.citius.gal\/?s={search_term_string}\"},\"query-input\":\"required name=search_term_string\"}],\"inLanguage\":\"en-GB\"},{\"@type\":\"Organization\",\"@id\":\"https:\/\/propor2024.citius.gal\/#organization\",\"name\":\"PROPOR 2024 - Universidade de Santiago de Compostela\",\"url\":\"https:\/\/propor2024.citius.gal\/\",\"logo\":{\"@type\":\"ImageObject\",\"inLanguage\":\"en-GB\",\"@id\":\"https:\/\/propor2024.citius.gal\/#\/schema\/logo\/image\/\",\"url\":\"http:\/\/172.16.240.236\/wp-content\/uploads\/2023\/03\/faviconPROPOR2024.png\",\"contentUrl\":\"http:\/\/172.16.240.236\/wp-content\/uploads\/2023\/03\/faviconPROPOR2024.png\",\"width\":200,\"height\":200,\"caption\":\"PROPOR 2024 - Universidade de Santiago de Compostela\"},\"image\":{\"@id\":\"https:\/\/propor2024.citius.gal\/#\/schema\/logo\/image\/\"}}]}<\/script>\n<!-- \/ Yoast SEO plugin. -->","yoast_head_json":{"title":"Keynote Speakers - PROPOR 2024 - Universidade de Santiago de Compostela","robots":{"index":"index","follow":"follow","max-snippet":"max-snippet:-1","max-image-preview":"max-image-preview:large","max-video-preview":"max-video-preview:-1"},"canonical":"https:\/\/propor2024.citius.gal\/index.php\/keynote-speakers\/","twitter_card":"summary_large_image","twitter_title":"Keynote Speakers - PROPOR 2024 - Universidade de Santiago de Compostela","twitter_description":"Invited SpeakersElias Feij\u00f3 March 13, 9:30 \u00c9 este galego latim em p\u00f3? A vida levou pessoas e comunidades originariamente falantes do galego que acabaria sendo conhecido internacionalmente como portugu\u00eas por diversos centros e cantos do mundo; umha hist\u00f3ria da l\u00edngua de idas e vindas, esquecimentos, dif\u00edceis encontros e desencontros e encontrados interesses; e deste cantinho [&hellip;]","schema":{"@context":"https:\/\/schema.org","@graph":[{"@type":"WebPage","@id":"https:\/\/propor2024.citius.gal\/index.php\/keynote-speakers\/","url":"https:\/\/propor2024.citius.gal\/index.php\/keynote-speakers\/","name":"Keynote Speakers - PROPOR 2024 - Universidade de Santiago de Compostela","isPartOf":{"@id":"https:\/\/propor2024.citius.gal\/#website"},"datePublished":"2024-03-07T12:27:12+00:00","dateModified":"2024-03-07T12:27:12+00:00","breadcrumb":{"@id":"https:\/\/propor2024.citius.gal\/index.php\/keynote-speakers\/#breadcrumb"},"inLanguage":"en-GB","potentialAction":[{"@type":"ReadAction","target":["https:\/\/propor2024.citius.gal\/index.php\/keynote-speakers\/"]}]},{"@type":"BreadcrumbList","@id":"https:\/\/propor2024.citius.gal\/index.php\/keynote-speakers\/#breadcrumb","itemListElement":[{"@type":"ListItem","position":1,"name":"Home","item":"https:\/\/propor2024.citius.gal\/"},{"@type":"ListItem","position":2,"name":"Keynote Speakers"}]},{"@type":"WebSite","@id":"https:\/\/propor2024.citius.gal\/#website","url":"https:\/\/propor2024.citius.gal\/","name":"PROPOR 2024 - Universidade de Santiago de Compostela","description":"International Conference on Computational Processing of Portuguese","publisher":{"@id":"https:\/\/propor2024.citius.gal\/#organization"},"potentialAction":[{"@type":"SearchAction","target":{"@type":"EntryPoint","urlTemplate":"https:\/\/propor2024.citius.gal\/?s={search_term_string}"},"query-input":"required name=search_term_string"}],"inLanguage":"en-GB"},{"@type":"Organization","@id":"https:\/\/propor2024.citius.gal\/#organization","name":"PROPOR 2024 - Universidade de Santiago de Compostela","url":"https:\/\/propor2024.citius.gal\/","logo":{"@type":"ImageObject","inLanguage":"en-GB","@id":"https:\/\/propor2024.citius.gal\/#\/schema\/logo\/image\/","url":"http:\/\/172.16.240.236\/wp-content\/uploads\/2023\/03\/faviconPROPOR2024.png","contentUrl":"http:\/\/172.16.240.236\/wp-content\/uploads\/2023\/03\/faviconPROPOR2024.png","width":200,"height":200,"caption":"PROPOR 2024 - Universidade de Santiago de Compostela"},"image":{"@id":"https:\/\/propor2024.citius.gal\/#\/schema\/logo\/image\/"}}]}},"_links":{"self":[{"href":"https:\/\/propor2024.citius.gal\/index.php\/wp-json\/wp\/v2\/pages\/1395"}],"collection":[{"href":"https:\/\/propor2024.citius.gal\/index.php\/wp-json\/wp\/v2\/pages"}],"about":[{"href":"https:\/\/propor2024.citius.gal\/index.php\/wp-json\/wp\/v2\/types\/page"}],"author":[{"embeddable":true,"href":"https:\/\/propor2024.citius.gal\/index.php\/wp-json\/wp\/v2\/users\/1"}],"replies":[{"embeddable":true,"href":"https:\/\/propor2024.citius.gal\/index.php\/wp-json\/wp\/v2\/comments?post=1395"}],"version-history":[{"count":5,"href":"https:\/\/propor2024.citius.gal\/index.php\/wp-json\/wp\/v2\/pages\/1395\/revisions"}],"predecessor-version":[{"id":1457,"href":"https:\/\/propor2024.citius.gal\/index.php\/wp-json\/wp\/v2\/pages\/1395\/revisions\/1457"}],"wp:attachment":[{"href":"https:\/\/propor2024.citius.gal\/index.php\/wp-json\/wp\/v2\/media?parent=1395"}],"curies":[{"name":"wp","href":"https:\/\/api.w.org\/{rel}","templated":true}]}}