{"id":1430,"date":"2024-03-07T12:43:08","date_gmt":"2024-03-07T11:43:08","guid":{"rendered":"https:\/\/propor2024.citius.gal\/?page_id=1430"},"modified":"2024-03-12T17:20:00","modified_gmt":"2024-03-12T16:20:00","slug":"community-events","status":"publish","type":"page","link":"https:\/\/propor2024.citius.gal\/index.php\/community-events\/","title":{"rendered":"Community Events"},"content":{"rendered":"<p>[et_pb_section fb_built=&#8221;1&#8243; _builder_version=&#8221;4.20.2&#8243; _module_preset=&#8221;default&#8221; min_height=&#8221;1107.5px&#8221; global_colors_info=&#8221;{}&#8221;][et_pb_row _builder_version=&#8221;4.20.2&#8243; _module_preset=&#8221;default&#8221; global_colors_info=&#8221;{}&#8221;][et_pb_column type=&#8221;4_4&#8243; _builder_version=&#8221;4.20.2&#8243; _module_preset=&#8221;default&#8221; global_colors_info=&#8221;{}&#8221;][et_pb_text _builder_version=&#8221;4.20.2&#8243; _module_preset=&#8221;default&#8221; global_colors_info=&#8221;{}&#8221;]<\/p>\n<h1 style=\"text-align: center;\"><span style=\"font-size: xx-large;\"><strong>Community Events<\/strong><\/span><\/h1>\n<p>[\/et_pb_text][\/et_pb_column][\/et_pb_row][et_pb_row _builder_version=&#8221;4.20.2&#8243; _module_preset=&#8221;default&#8221; global_colors_info=&#8221;{}&#8221;][et_pb_column type=&#8221;4_4&#8243; _builder_version=&#8221;4.20.2&#8243; _module_preset=&#8221;default&#8221; global_colors_info=&#8221;{}&#8221;][et_pb_text _builder_version=&#8221;4.20.2&#8243; _module_preset=&#8221;default&#8221; global_colors_info=&#8221;{}&#8221;]<\/p>\n<h3 class=\"western\" align=\"center\"><strong><span style=\"font-size: x-large;\">Awards Cerimony<br \/><\/span><\/strong><\/h3>\n<p style=\"text-align: center;\"><span style=\"font-size: medium;\">sponsored by <a href=\"https:\/\/amtega.xunta.gal\/gl\">AMTEGA<\/a><\/span><\/p>\n<h3 class=\"western\" align=\"center\"><\/h3>\n<p align=\"center\"><span style=\"font-size: large;\"><i>March 15, 11h15 (Sala 2, CINC), during coffee break<br \/><\/i><\/span><\/p>\n<p align=\"center\"><span style=\"font-size: large;\">Best Dissertations, Papers, and Demos<br \/><\/span><\/p>\n<p>[\/et_pb_text][\/et_pb_column][\/et_pb_row][et_pb_row _builder_version=&#8221;4.20.2&#8243; _module_preset=&#8221;default&#8221; global_colors_info=&#8221;{}&#8221;][et_pb_column type=&#8221;4_4&#8243; _builder_version=&#8221;4.20.2&#8243; _module_preset=&#8221;default&#8221; global_colors_info=&#8221;{}&#8221;][et_pb_text _builder_version=&#8221;4.20.2&#8243; _module_preset=&#8221;default&#8221; global_colors_info=&#8221;{}&#8221;]<\/p>\n<h3 class=\"western\" align=\"center\"><strong><span style=\"font-size: x-large;\">Community Meeting<br \/><\/span><\/strong><\/h3>\n<h3 class=\"western\" align=\"center\"><\/h3>\n<p align=\"center\"><span style=\"font-size: large;\"><i>March 15, 15h00 (Sala 1, CINC)<\/i><\/span><\/p>\n<p align=\"center\"><span style=\"font-size: large;\">PROPOR Community Meeting<br \/><\/span><\/p>\n<p>[\/et_pb_text][\/et_pb_column][\/et_pb_row][et_pb_row _builder_version=&#8221;4.20.2&#8243; _module_preset=&#8221;default&#8221; global_colors_info=&#8221;{}&#8221;][et_pb_column type=&#8221;4_4&#8243; _builder_version=&#8221;4.20.2&#8243; _module_preset=&#8221;default&#8221; global_colors_info=&#8221;{}&#8221;][et_pb_text _builder_version=&#8221;4.20.2&#8243; _module_preset=&#8221;default&#8221; global_colors_info=&#8221;{}&#8221;]<\/p>\n<h3 class=\"western\" align=\"center\"><strong><span style=\"font-size: x-large;\">Book Presentation<\/span><\/strong><\/h3>\n<h3 class=\"western\" align=\"center\"><a href=\"https:\/\/brasileiraspln.com\/livro-pln\/\"><i><span style=\"text-decoration: underline;\">Processamento de Linguagem Natural:<\/span><\/i><\/a><\/h3>\n<h3 class=\"western\" align=\"center\"><span style=\"text-decoration: underline;\"><a href=\"https:\/\/brasileiraspln.com\/livro-pln\/\"><i>Conceitos, T\u00e9cnicas e Aplica\u00e7\u00f5es em Portugu\u00eas<\/i><\/a><\/span><\/h3>\n<h3 class=\"western\" align=\"center\"><span style=\"font-size: small;\">(2\u00aa edi\u00e7\u00e3o)<\/span><\/h3>\n<p align=\"center\"><span style=\"font-size: large;\"><i>March 13, 12h30-13h00 (Sala 1, CINC)<\/i><\/span><\/p>\n<p align=\"center\"><a href=\"https:\/\/brasileiraspln.com\/\"><span style=\"font-size: large;\">Brasileiras em PLN<\/span><\/a><\/p>\n<p>[\/et_pb_text][\/et_pb_column][\/et_pb_row][et_pb_row _builder_version=&#8221;4.20.2&#8243; _module_preset=&#8221;default&#8221; global_colors_info=&#8221;{}&#8221;][et_pb_column type=&#8221;4_4&#8243; _builder_version=&#8221;4.20.2&#8243; _module_preset=&#8221;default&#8221; global_colors_info=&#8221;{}&#8221;][et_pb_text _builder_version=&#8221;4.20.2&#8243; _module_preset=&#8221;default&#8221; global_colors_info=&#8221;{}&#8221;]<\/p>\n<h3 class=\"western\" align=\"center\"><strong><span style=\"font-size: x-large;\">Reuni\u00e3o aberta<\/span><\/strong><\/h3>\n<h1 class=\"western\" align=\"center\"><span style=\"font-size: large;\">Partilha e disponibiliza\u00e7\u00e3o de recursos computacionais para o processamento do Portugu\u00eas<\/span><\/h1>\n<p align=\"center\"><span style=\"font-size: large;\"><i>March 14, 17h00-17h30 (Sala 2, CINC)<\/i><\/span><a href=\"https:\/\/brasileiraspln.com\/\"><span style=\"font-size: large;\"><\/span><\/a><\/p>\n<p align=\"center\"><span style=\"font-size: medium;\">Contact: <a href=\"https:\/\/www.dcc.fc.up.pt\/~amjorge\/\">Al\u00edpio Jorge<\/a><\/span><\/p>\n<p align=\"center\"><span style=\"font-size: large;\"><i><\/i><\/span><\/p>\n<p align=\"justify\">A L\u00edngua Portuguesa pode ser considerada como sendo de m\u00e9dio\/baixo n\u00edvel de recursos para o processamento computacional. O panorama complica-se ainda mais quando queremos desenvolver solu\u00e7\u00f5es para variedades espec\u00edficas como o Portugu\u00eas Europeu, do Brasil ou de Mo\u00e7ambique, para dar alguns exemplos. Embora haja dispon\u00edveis corpora, modelos e algoritmos para algumas das tarefas, os potenciais utilizadores sentem dificuldades de acesso e dispers\u00e3o de localiza\u00e7\u00f5es. H\u00e1 iniciativas com alguma maturidade, como o PORTULAN CLARIN, e outras plataformas de acesso pr\u00e1tico e universal, como o HuggingFace ou o Github. Neste PROPOR apresenta-se tamb\u00e9m a demo da plataforma agregadora PT-Pump-UP cujo objetivo \u00e9 dar mais visibilidade aos recursos num esp\u00edrito de hub.<\/p>\n<p>O que pode a comunidade fazer para melhorar este panorama e colocar o Portugu\u00eas ainda mais no mapa da lingu\u00edstica computacional? Como pode a comunidade promover meios de colabora\u00e7\u00e3o e partilha?<\/p>\n<p>A reuni\u00e3o decorrer\u00e1 de forma mais ou menos livre, sendo os temas propostas para discuss\u00e3o os seguintes:<\/p>\n<ul>\n<li>As plataformas existentes com recursos do Portugu\u00eas<\/li>\n<li>A proposta PT-Pump-UP<\/li>\n<li>A gest\u00e3o das variantes do Portugu\u00eas<\/li>\n<li>O contributo do Galego<\/li>\n<li>Que recursos faltam e como obt\u00ea-los?<\/li>\n<li>Como juntar a comunidade?<\/li>\n<\/ul>\n<p align=\"center\"><span style=\"font-size: large;\"><i><\/i><\/span><\/p>\n<p align=\"center\"><span style=\"font-size: large;\"><i><\/i><\/span><\/p>\n<p>[\/et_pb_text][\/et_pb_column][\/et_pb_row][\/et_pb_section]<\/p>\n","protected":false},"excerpt":{"rendered":"<p>Community EventsAwards Cerimony sponsored by AMTEGA March 15, 11h15 (Sala 2, CINC), during coffee break Best Dissertations, Papers, and DemosCommunity Meeting March 15, 15h00 (Sala 1, CINC) PROPOR Community MeetingBook Presentation Processamento de Linguagem Natural: Conceitos, T\u00e9cnicas e Aplica\u00e7\u00f5es em Portugu\u00eas (2\u00aa edi\u00e7\u00e3o) March 13, 12h30-13h00 (Sala 1, CINC) Brasileiras em PLNReuni\u00e3o aberta Partilha e [&hellip;]<\/p>\n","protected":false},"author":1,"featured_media":0,"parent":0,"menu_order":0,"comment_status":"closed","ping_status":"closed","template":"","meta":{"_et_pb_use_builder":"on","_et_pb_old_content":"","_et_gb_content_width":""},"yoast_head":"<!-- This site is optimized with the Yoast SEO plugin v20.4 - https:\/\/yoast.com\/wordpress\/plugins\/seo\/ -->\n<title>Community Events - PROPOR 2024 - Universidade de Santiago de Compostela<\/title>\n<meta name=\"robots\" content=\"index, follow, max-snippet:-1, max-image-preview:large, max-video-preview:-1\" \/>\n<link rel=\"canonical\" href=\"https:\/\/propor2024.citius.gal\/index.php\/community-events\/\" \/>\n<meta name=\"twitter:card\" content=\"summary_large_image\" \/>\n<meta name=\"twitter:title\" content=\"Community Events - PROPOR 2024 - Universidade de Santiago de Compostela\" \/>\n<meta name=\"twitter:description\" content=\"Community EventsAwards Cerimony sponsored by AMTEGA March 15, 11h15 (Sala 2, CINC), during coffee break Best Dissertations, Papers, and DemosCommunity Meeting March 15, 15h00 (Sala 1, CINC) PROPOR Community MeetingBook Presentation Processamento de Linguagem Natural: Conceitos, T\u00e9cnicas e Aplica\u00e7\u00f5es em Portugu\u00eas (2\u00aa edi\u00e7\u00e3o) March 13, 12h30-13h00 (Sala 1, CINC) Brasileiras em PLNReuni\u00e3o aberta Partilha e [&hellip;]\" \/>\n<script type=\"application\/ld+json\" class=\"yoast-schema-graph\">{\"@context\":\"https:\/\/schema.org\",\"@graph\":[{\"@type\":\"WebPage\",\"@id\":\"https:\/\/propor2024.citius.gal\/index.php\/community-events\/\",\"url\":\"https:\/\/propor2024.citius.gal\/index.php\/community-events\/\",\"name\":\"Community Events - PROPOR 2024 - Universidade de Santiago de Compostela\",\"isPartOf\":{\"@id\":\"https:\/\/propor2024.citius.gal\/#website\"},\"datePublished\":\"2024-03-07T11:43:08+00:00\",\"dateModified\":\"2024-03-12T16:20:00+00:00\",\"breadcrumb\":{\"@id\":\"https:\/\/propor2024.citius.gal\/index.php\/community-events\/#breadcrumb\"},\"inLanguage\":\"en-GB\",\"potentialAction\":[{\"@type\":\"ReadAction\",\"target\":[\"https:\/\/propor2024.citius.gal\/index.php\/community-events\/\"]}]},{\"@type\":\"BreadcrumbList\",\"@id\":\"https:\/\/propor2024.citius.gal\/index.php\/community-events\/#breadcrumb\",\"itemListElement\":[{\"@type\":\"ListItem\",\"position\":1,\"name\":\"Home\",\"item\":\"https:\/\/propor2024.citius.gal\/\"},{\"@type\":\"ListItem\",\"position\":2,\"name\":\"Community Events\"}]},{\"@type\":\"WebSite\",\"@id\":\"https:\/\/propor2024.citius.gal\/#website\",\"url\":\"https:\/\/propor2024.citius.gal\/\",\"name\":\"PROPOR 2024 - Universidade de Santiago de Compostela\",\"description\":\"International Conference on Computational Processing of Portuguese\",\"publisher\":{\"@id\":\"https:\/\/propor2024.citius.gal\/#organization\"},\"potentialAction\":[{\"@type\":\"SearchAction\",\"target\":{\"@type\":\"EntryPoint\",\"urlTemplate\":\"https:\/\/propor2024.citius.gal\/?s={search_term_string}\"},\"query-input\":\"required name=search_term_string\"}],\"inLanguage\":\"en-GB\"},{\"@type\":\"Organization\",\"@id\":\"https:\/\/propor2024.citius.gal\/#organization\",\"name\":\"PROPOR 2024 - Universidade de Santiago de Compostela\",\"url\":\"https:\/\/propor2024.citius.gal\/\",\"logo\":{\"@type\":\"ImageObject\",\"inLanguage\":\"en-GB\",\"@id\":\"https:\/\/propor2024.citius.gal\/#\/schema\/logo\/image\/\",\"url\":\"http:\/\/172.16.240.236\/wp-content\/uploads\/2023\/03\/faviconPROPOR2024.png\",\"contentUrl\":\"http:\/\/172.16.240.236\/wp-content\/uploads\/2023\/03\/faviconPROPOR2024.png\",\"width\":200,\"height\":200,\"caption\":\"PROPOR 2024 - Universidade de Santiago de Compostela\"},\"image\":{\"@id\":\"https:\/\/propor2024.citius.gal\/#\/schema\/logo\/image\/\"}}]}<\/script>\n<!-- \/ Yoast SEO plugin. -->","yoast_head_json":{"title":"Community Events - PROPOR 2024 - Universidade de Santiago de Compostela","robots":{"index":"index","follow":"follow","max-snippet":"max-snippet:-1","max-image-preview":"max-image-preview:large","max-video-preview":"max-video-preview:-1"},"canonical":"https:\/\/propor2024.citius.gal\/index.php\/community-events\/","twitter_card":"summary_large_image","twitter_title":"Community Events - PROPOR 2024 - Universidade de Santiago de Compostela","twitter_description":"Community EventsAwards Cerimony sponsored by AMTEGA March 15, 11h15 (Sala 2, CINC), during coffee break Best Dissertations, Papers, and DemosCommunity Meeting March 15, 15h00 (Sala 1, CINC) PROPOR Community MeetingBook Presentation Processamento de Linguagem Natural: Conceitos, T\u00e9cnicas e Aplica\u00e7\u00f5es em Portugu\u00eas (2\u00aa edi\u00e7\u00e3o) March 13, 12h30-13h00 (Sala 1, CINC) Brasileiras em PLNReuni\u00e3o aberta Partilha e [&hellip;]","schema":{"@context":"https:\/\/schema.org","@graph":[{"@type":"WebPage","@id":"https:\/\/propor2024.citius.gal\/index.php\/community-events\/","url":"https:\/\/propor2024.citius.gal\/index.php\/community-events\/","name":"Community Events - PROPOR 2024 - Universidade de Santiago de Compostela","isPartOf":{"@id":"https:\/\/propor2024.citius.gal\/#website"},"datePublished":"2024-03-07T11:43:08+00:00","dateModified":"2024-03-12T16:20:00+00:00","breadcrumb":{"@id":"https:\/\/propor2024.citius.gal\/index.php\/community-events\/#breadcrumb"},"inLanguage":"en-GB","potentialAction":[{"@type":"ReadAction","target":["https:\/\/propor2024.citius.gal\/index.php\/community-events\/"]}]},{"@type":"BreadcrumbList","@id":"https:\/\/propor2024.citius.gal\/index.php\/community-events\/#breadcrumb","itemListElement":[{"@type":"ListItem","position":1,"name":"Home","item":"https:\/\/propor2024.citius.gal\/"},{"@type":"ListItem","position":2,"name":"Community Events"}]},{"@type":"WebSite","@id":"https:\/\/propor2024.citius.gal\/#website","url":"https:\/\/propor2024.citius.gal\/","name":"PROPOR 2024 - Universidade de Santiago de Compostela","description":"International Conference on Computational Processing of Portuguese","publisher":{"@id":"https:\/\/propor2024.citius.gal\/#organization"},"potentialAction":[{"@type":"SearchAction","target":{"@type":"EntryPoint","urlTemplate":"https:\/\/propor2024.citius.gal\/?s={search_term_string}"},"query-input":"required name=search_term_string"}],"inLanguage":"en-GB"},{"@type":"Organization","@id":"https:\/\/propor2024.citius.gal\/#organization","name":"PROPOR 2024 - Universidade de Santiago de Compostela","url":"https:\/\/propor2024.citius.gal\/","logo":{"@type":"ImageObject","inLanguage":"en-GB","@id":"https:\/\/propor2024.citius.gal\/#\/schema\/logo\/image\/","url":"http:\/\/172.16.240.236\/wp-content\/uploads\/2023\/03\/faviconPROPOR2024.png","contentUrl":"http:\/\/172.16.240.236\/wp-content\/uploads\/2023\/03\/faviconPROPOR2024.png","width":200,"height":200,"caption":"PROPOR 2024 - Universidade de Santiago de Compostela"},"image":{"@id":"https:\/\/propor2024.citius.gal\/#\/schema\/logo\/image\/"}}]}},"_links":{"self":[{"href":"https:\/\/propor2024.citius.gal\/index.php\/wp-json\/wp\/v2\/pages\/1430"}],"collection":[{"href":"https:\/\/propor2024.citius.gal\/index.php\/wp-json\/wp\/v2\/pages"}],"about":[{"href":"https:\/\/propor2024.citius.gal\/index.php\/wp-json\/wp\/v2\/types\/page"}],"author":[{"embeddable":true,"href":"https:\/\/propor2024.citius.gal\/index.php\/wp-json\/wp\/v2\/users\/1"}],"replies":[{"embeddable":true,"href":"https:\/\/propor2024.citius.gal\/index.php\/wp-json\/wp\/v2\/comments?post=1430"}],"version-history":[{"count":9,"href":"https:\/\/propor2024.citius.gal\/index.php\/wp-json\/wp\/v2\/pages\/1430\/revisions"}],"predecessor-version":[{"id":1683,"href":"https:\/\/propor2024.citius.gal\/index.php\/wp-json\/wp\/v2\/pages\/1430\/revisions\/1683"}],"wp:attachment":[{"href":"https:\/\/propor2024.citius.gal\/index.php\/wp-json\/wp\/v2\/media?parent=1430"}],"curies":[{"name":"wp","href":"https:\/\/api.w.org\/{rel}","templated":true}]}}