{"id":432,"date":"2023-03-24T10:47:11","date_gmt":"2023-03-24T10:47:11","guid":{"rendered":"http:\/\/192.168.3.126\/propor2024\/?page_id=432"},"modified":"2024-04-04T13:10:31","modified_gmt":"2024-04-04T11:10:31","slug":"awards","status":"publish","type":"page","link":"https:\/\/propor2024.citius.gal\/index.php\/awards\/","title":{"rendered":"Awards"},"content":{"rendered":"<p>[et_pb_section fb_built=&#8221;1&#8243; _builder_version=&#8221;4.20.2&#8243; _module_preset=&#8221;default&#8221; background_image=&#8221;https:\/\/propor2024.citius.gal\/wp-content\/uploads\/2023\/03\/fotoSantiagoCatedral.jpg&#8221; height=&#8221;500px&#8221; custom_padding=&#8221;0px||0px||false|false&#8221; custom_css_main_element=&#8221;position:relative;&#8221; global_colors_info=&#8221;{}&#8221;][et_pb_row _builder_version=&#8221;4.20.2&#8243; _module_preset=&#8221;default&#8221; width=&#8221;100%&#8221; max_width=&#8221;100%&#8221; height=&#8221;500px&#8221; custom_padding=&#8221;0px||0px||false|false&#8221; custom_css_main_element=&#8221;display:flex;||flex-wrap:wrap;||align-content:flex-end;&#8221; global_colors_info=&#8221;{}&#8221;][et_pb_column type=&#8221;4_4&#8243; _builder_version=&#8221;4.20.2&#8243; _module_preset=&#8221;default&#8221; global_colors_info=&#8221;{}&#8221;][et_pb_text module_id=&#8221;textHome&#8221; module_class=&#8221;textTitleName&#8221; _builder_version=&#8221;4.20.2&#8243; _module_preset=&#8221;default&#8221; text_font=&#8221;|700|||||||&#8221; text_text_color=&#8221;#050505&#8243; text_font_size=&#8221;43px&#8221; background_color=&#8221;#FFFFFF&#8221; text_orientation=&#8221;center&#8221; width=&#8221;40%&#8221; height=&#8221;100px&#8221; custom_margin=&#8221;||||false|false&#8221; custom_padding=&#8221;||20px||false|false&#8221; custom_css_main_element=&#8221;position:relative;||display:flex;||flex-wrap:wrap;||align-content:center;||justify-content:center;||||&#8221; border_radii=&#8221;off||||&#8221; global_colors_info=&#8221;{}&#8221; custom_css_main_element_last_edited=&#8221;on|phone&#8221; custom_css_main_element_tablet=&#8221;position:relative;||display:flex;||flex-wrap:wrap;||align-content:center;||justify-content:center;||top:1px;&#8221; custom_css_main_element_phone=&#8221;position:relative;||display:flex;||flex-wrap:wrap;||align-content:center;||justify-content:center;||top:1px;&#8221;]<\/p>\n<p style=\"margin-top: 20px;\">Awards<\/p>\n<p>[\/et_pb_text][\/et_pb_column][\/et_pb_row][\/et_pb_section][et_pb_section fb_built=&#8221;1&#8243; _builder_version=&#8221;4.20.2&#8243; _module_preset=&#8221;default&#8221; custom_padding=&#8221;25px||25px||true|false&#8221; global_colors_info=&#8221;{}&#8221;][et_pb_row _builder_version=&#8221;4.20.2&#8243; _module_preset=&#8221;default&#8221; height=&#8221;250px&#8221; global_colors_info=&#8221;{}&#8221;][et_pb_column type=&#8221;4_4&#8243; _builder_version=&#8221;4.20.2&#8243; _module_preset=&#8221;default&#8221; global_colors_info=&#8221;{}&#8221;][et_pb_text module_class=&#8221;textAwards&#8221; _builder_version=&#8221;4.20.2&#8243; _module_preset=&#8221;default&#8221; text_text_color=&#8221;#252525&#8243; height=&#8221;250px&#8221; hover_enabled=&#8221;0&#8243; custom_css_main_element=&#8221;||&#8221; global_colors_info=&#8221;{}&#8221; sticky_enabled=&#8221;0&#8243;]<\/p>\n<p>&nbsp;<\/p>\n<p>&nbsp;<\/p>\n<p>&nbsp;<\/p>\n<p>&nbsp;<\/p>\n<p>&nbsp;<\/p>\n<p><strong>Best PhD Award:\u00a0<\/strong>TTS applied to the generation of datasets for automatic speech recognition by Edresson Casanova.<\/p>\n<p><strong>Best Paper Award:<\/strong> <br \/>1. Across the Atlantic: Distinguish Between European and Brazilian Portuguese Dialects by David Preda, Tom\u00e1s Os\u00f3rio and Henrique Lopes Cardoso<br \/>2. Automatic Text Readability Assessment in European Portuguese by Eug\u00e9nio Ribeiro, Nuno Mamede and Jorge Baptista.\u00a0<\/p>\n<p><strong>Best Demo Award: <\/strong><span style=\"font-size: 14px;\">N\u00f3s-TTS: aWeb User Interface for Galician Text-to-Speech by Carmen Magari\u00f1os, Alp \u00d6ktem, Antonio Moscoso S\u00e1nchez, Marta V\u00e1zquez Abu\u00edn, Noelia Garc\u00eda D\u00edaz, Adina Ioana Vladu, Elisa Fern\u00e1ndez Rei and Mar\u00eda Baqueiro Vidal.<\/span><\/p>\n<p><strong>Best MSc Award:<\/strong> Text clustering applied to unbalanced data in legal contexts by Lucas Jos\u00e9 Gon\u00e7alves Freitas.<span style=\"font-size: 14px;\"><\/span><\/p>\n<p><span style=\"font-size: 14px;\">Here are the photos of the award ceremony chaired by the Director of AMTEGA (Galician Agency for Technological Modernisation) Mr. Juli\u00e1n Cervi\u00f1o and Professor Dr. Renata Vieira from the University of \u00c9vora.<\/span><\/p>\n<p>&nbsp;<\/p>\n<p>&nbsp;<\/p>\n<p>&nbsp;<\/p>\n<p>[\/et_pb_text][\/et_pb_column][\/et_pb_row][\/et_pb_section][et_pb_section fb_built=&#8221;1&#8243; _builder_version=&#8221;4.20.2&#8243; _module_preset=&#8221;default&#8221; global_colors_info=&#8221;{}&#8221;][et_pb_row _builder_version=&#8221;4.20.2&#8243; _module_preset=&#8221;default&#8221; global_colors_info=&#8221;{}&#8221;][et_pb_column type=&#8221;4_4&#8243; _builder_version=&#8221;4.20.2&#8243; _module_preset=&#8221;default&#8221; global_colors_info=&#8221;{}&#8221;][et_pb_gallery gallery_ids=&#8221;1720,1721&#8243; _builder_version=&#8221;4.20.2&#8243; _module_preset=&#8221;default&#8221; global_colors_info=&#8221;{}&#8221;][\/et_pb_gallery][\/et_pb_column][\/et_pb_row][et_pb_row _builder_version=&#8221;4.20.2&#8243; _module_preset=&#8221;default&#8221; global_colors_info=&#8221;{}&#8221;][et_pb_column type=&#8221;4_4&#8243; _builder_version=&#8221;4.20.2&#8243; _module_preset=&#8221;default&#8221; global_colors_info=&#8221;{}&#8221;][et_pb_gallery gallery_ids=&#8221;1713,1714,1715,1726&#8243; _builder_version=&#8221;4.20.2&#8243; _module_preset=&#8221;default&#8221; hover_enabled=&#8221;0&#8243; global_colors_info=&#8221;{}&#8221; sticky_enabled=&#8221;0&#8243;][\/et_pb_gallery][\/et_pb_column][\/et_pb_row][et_pb_row _builder_version=&#8221;4.20.2&#8243; _module_preset=&#8221;default&#8221; global_colors_info=&#8221;{}&#8221;][et_pb_column type=&#8221;4_4&#8243; _builder_version=&#8221;4.20.2&#8243; _module_preset=&#8221;default&#8221; global_colors_info=&#8221;{}&#8221;][et_pb_gallery gallery_ids=&#8221;1712&#8243; _builder_version=&#8221;4.20.2&#8243; _module_preset=&#8221;default&#8221; hover_enabled=&#8221;0&#8243; global_colors_info=&#8221;{}&#8221; sticky_enabled=&#8221;0&#8243;][\/et_pb_gallery][\/et_pb_column][\/et_pb_row][\/et_pb_section]<\/p>\n","protected":false},"excerpt":{"rendered":"<p>Awards&nbsp; &nbsp; &nbsp; &nbsp; &nbsp; Best PhD Award:\u00a0TTS applied to the generation of datasets for automatic speech recognition by Edresson Casanova. Best Paper Award: 1. Across the Atlantic: Distinguish Between European and Brazilian Portuguese Dialects by David Preda, Tom\u00e1s Os\u00f3rio and Henrique Lopes Cardoso2. Automatic Text Readability Assessment in European Portuguese by Eug\u00e9nio Ribeiro, Nuno [&hellip;]<\/p>\n","protected":false},"author":1,"featured_media":0,"parent":0,"menu_order":0,"comment_status":"closed","ping_status":"closed","template":"","meta":{"_et_pb_use_builder":"on","_et_pb_old_content":"<!-- wp:divi\/placeholder \/-->","_et_gb_content_width":""},"yoast_head":"<!-- This site is optimized with the Yoast SEO plugin v20.4 - https:\/\/yoast.com\/wordpress\/plugins\/seo\/ -->\n<title>Awards - PROPOR 2024 - Universidade de Santiago de Compostela<\/title>\n<meta name=\"robots\" content=\"index, follow, max-snippet:-1, max-image-preview:large, max-video-preview:-1\" \/>\n<link rel=\"canonical\" href=\"https:\/\/propor2024.citius.gal\/index.php\/awards\/\" \/>\n<meta name=\"twitter:card\" content=\"summary_large_image\" \/>\n<meta name=\"twitter:title\" content=\"Awards - PROPOR 2024 - Universidade de Santiago de Compostela\" \/>\n<meta name=\"twitter:description\" content=\"Awards&nbsp; &nbsp; &nbsp; &nbsp; &nbsp; Best PhD Award:\u00a0TTS applied to the generation of datasets for automatic speech recognition by Edresson Casanova. Best Paper Award: 1. Across the Atlantic: Distinguish Between European and Brazilian Portuguese Dialects by David Preda, Tom\u00e1s Os\u00f3rio and Henrique Lopes Cardoso2. Automatic Text Readability Assessment in European Portuguese by Eug\u00e9nio Ribeiro, Nuno [&hellip;]\" \/>\n<script type=\"application\/ld+json\" class=\"yoast-schema-graph\">{\"@context\":\"https:\/\/schema.org\",\"@graph\":[{\"@type\":\"WebPage\",\"@id\":\"https:\/\/propor2024.citius.gal\/index.php\/awards\/\",\"url\":\"https:\/\/propor2024.citius.gal\/index.php\/awards\/\",\"name\":\"Awards - PROPOR 2024 - Universidade de Santiago de Compostela\",\"isPartOf\":{\"@id\":\"https:\/\/propor2024.citius.gal\/#website\"},\"datePublished\":\"2023-03-24T10:47:11+00:00\",\"dateModified\":\"2024-04-04T11:10:31+00:00\",\"breadcrumb\":{\"@id\":\"https:\/\/propor2024.citius.gal\/index.php\/awards\/#breadcrumb\"},\"inLanguage\":\"en-GB\",\"potentialAction\":[{\"@type\":\"ReadAction\",\"target\":[\"https:\/\/propor2024.citius.gal\/index.php\/awards\/\"]}]},{\"@type\":\"BreadcrumbList\",\"@id\":\"https:\/\/propor2024.citius.gal\/index.php\/awards\/#breadcrumb\",\"itemListElement\":[{\"@type\":\"ListItem\",\"position\":1,\"name\":\"Home\",\"item\":\"https:\/\/propor2024.citius.gal\/\"},{\"@type\":\"ListItem\",\"position\":2,\"name\":\"Awards\"}]},{\"@type\":\"WebSite\",\"@id\":\"https:\/\/propor2024.citius.gal\/#website\",\"url\":\"https:\/\/propor2024.citius.gal\/\",\"name\":\"PROPOR 2024 - Universidade de Santiago de Compostela\",\"description\":\"International Conference on Computational Processing of Portuguese\",\"publisher\":{\"@id\":\"https:\/\/propor2024.citius.gal\/#organization\"},\"potentialAction\":[{\"@type\":\"SearchAction\",\"target\":{\"@type\":\"EntryPoint\",\"urlTemplate\":\"https:\/\/propor2024.citius.gal\/?s={search_term_string}\"},\"query-input\":\"required name=search_term_string\"}],\"inLanguage\":\"en-GB\"},{\"@type\":\"Organization\",\"@id\":\"https:\/\/propor2024.citius.gal\/#organization\",\"name\":\"PROPOR 2024 - Universidade de Santiago de Compostela\",\"url\":\"https:\/\/propor2024.citius.gal\/\",\"logo\":{\"@type\":\"ImageObject\",\"inLanguage\":\"en-GB\",\"@id\":\"https:\/\/propor2024.citius.gal\/#\/schema\/logo\/image\/\",\"url\":\"http:\/\/172.16.240.236\/wp-content\/uploads\/2023\/03\/faviconPROPOR2024.png\",\"contentUrl\":\"http:\/\/172.16.240.236\/wp-content\/uploads\/2023\/03\/faviconPROPOR2024.png\",\"width\":200,\"height\":200,\"caption\":\"PROPOR 2024 - Universidade de Santiago de Compostela\"},\"image\":{\"@id\":\"https:\/\/propor2024.citius.gal\/#\/schema\/logo\/image\/\"}}]}<\/script>\n<!-- \/ Yoast SEO plugin. -->","yoast_head_json":{"title":"Awards - PROPOR 2024 - Universidade de Santiago de Compostela","robots":{"index":"index","follow":"follow","max-snippet":"max-snippet:-1","max-image-preview":"max-image-preview:large","max-video-preview":"max-video-preview:-1"},"canonical":"https:\/\/propor2024.citius.gal\/index.php\/awards\/","twitter_card":"summary_large_image","twitter_title":"Awards - PROPOR 2024 - Universidade de Santiago de Compostela","twitter_description":"Awards&nbsp; &nbsp; &nbsp; &nbsp; &nbsp; Best PhD Award:\u00a0TTS applied to the generation of datasets for automatic speech recognition by Edresson Casanova. Best Paper Award: 1. Across the Atlantic: Distinguish Between European and Brazilian Portuguese Dialects by David Preda, Tom\u00e1s Os\u00f3rio and Henrique Lopes Cardoso2. Automatic Text Readability Assessment in European Portuguese by Eug\u00e9nio Ribeiro, Nuno [&hellip;]","schema":{"@context":"https:\/\/schema.org","@graph":[{"@type":"WebPage","@id":"https:\/\/propor2024.citius.gal\/index.php\/awards\/","url":"https:\/\/propor2024.citius.gal\/index.php\/awards\/","name":"Awards - PROPOR 2024 - Universidade de Santiago de Compostela","isPartOf":{"@id":"https:\/\/propor2024.citius.gal\/#website"},"datePublished":"2023-03-24T10:47:11+00:00","dateModified":"2024-04-04T11:10:31+00:00","breadcrumb":{"@id":"https:\/\/propor2024.citius.gal\/index.php\/awards\/#breadcrumb"},"inLanguage":"en-GB","potentialAction":[{"@type":"ReadAction","target":["https:\/\/propor2024.citius.gal\/index.php\/awards\/"]}]},{"@type":"BreadcrumbList","@id":"https:\/\/propor2024.citius.gal\/index.php\/awards\/#breadcrumb","itemListElement":[{"@type":"ListItem","position":1,"name":"Home","item":"https:\/\/propor2024.citius.gal\/"},{"@type":"ListItem","position":2,"name":"Awards"}]},{"@type":"WebSite","@id":"https:\/\/propor2024.citius.gal\/#website","url":"https:\/\/propor2024.citius.gal\/","name":"PROPOR 2024 - Universidade de Santiago de Compostela","description":"International Conference on Computational Processing of Portuguese","publisher":{"@id":"https:\/\/propor2024.citius.gal\/#organization"},"potentialAction":[{"@type":"SearchAction","target":{"@type":"EntryPoint","urlTemplate":"https:\/\/propor2024.citius.gal\/?s={search_term_string}"},"query-input":"required name=search_term_string"}],"inLanguage":"en-GB"},{"@type":"Organization","@id":"https:\/\/propor2024.citius.gal\/#organization","name":"PROPOR 2024 - Universidade de Santiago de Compostela","url":"https:\/\/propor2024.citius.gal\/","logo":{"@type":"ImageObject","inLanguage":"en-GB","@id":"https:\/\/propor2024.citius.gal\/#\/schema\/logo\/image\/","url":"http:\/\/172.16.240.236\/wp-content\/uploads\/2023\/03\/faviconPROPOR2024.png","contentUrl":"http:\/\/172.16.240.236\/wp-content\/uploads\/2023\/03\/faviconPROPOR2024.png","width":200,"height":200,"caption":"PROPOR 2024 - Universidade de Santiago de Compostela"},"image":{"@id":"https:\/\/propor2024.citius.gal\/#\/schema\/logo\/image\/"}}]}},"_links":{"self":[{"href":"https:\/\/propor2024.citius.gal\/index.php\/wp-json\/wp\/v2\/pages\/432"}],"collection":[{"href":"https:\/\/propor2024.citius.gal\/index.php\/wp-json\/wp\/v2\/pages"}],"about":[{"href":"https:\/\/propor2024.citius.gal\/index.php\/wp-json\/wp\/v2\/types\/page"}],"author":[{"embeddable":true,"href":"https:\/\/propor2024.citius.gal\/index.php\/wp-json\/wp\/v2\/users\/1"}],"replies":[{"embeddable":true,"href":"https:\/\/propor2024.citius.gal\/index.php\/wp-json\/wp\/v2\/comments?post=432"}],"version-history":[{"count":8,"href":"https:\/\/propor2024.citius.gal\/index.php\/wp-json\/wp\/v2\/pages\/432\/revisions"}],"predecessor-version":[{"id":1727,"href":"https:\/\/propor2024.citius.gal\/index.php\/wp-json\/wp\/v2\/pages\/432\/revisions\/1727"}],"wp:attachment":[{"href":"https:\/\/propor2024.citius.gal\/index.php\/wp-json\/wp\/v2\/media?parent=432"}],"curies":[{"name":"wp","href":"https:\/\/api.w.org\/{rel}","templated":true}]}}