{"id":750,"date":"2023-03-29T11:15:47","date_gmt":"2023-03-29T11:15:47","guid":{"rendered":"http:\/\/172.16.240.236\/?page_id=750"},"modified":"2024-03-05T21:22:03","modified_gmt":"2024-03-05T20:22:03","slug":"tutorials","status":"publish","type":"page","link":"https:\/\/propor2024.citius.gal\/index.php\/tutorials\/","title":{"rendered":"Tutorials"},"content":{"rendered":"<p>[et_pb_section fb_built=&#8221;1&#8243; _builder_version=&#8221;4.20.2&#8243; _module_preset=&#8221;default&#8221; background_image=&#8221;https:\/\/propor2024.citius.gal\/wp-content\/uploads\/2023\/03\/fotoSantiagoCatedral.jpg&#8221; height=&#8221;500px&#8221; custom_padding=&#8221;0px||0px||false|false&#8221; custom_css_main_element=&#8221;position:relative;&#8221; global_colors_info=&#8221;{}&#8221;][et_pb_row _builder_version=&#8221;4.20.2&#8243; _module_preset=&#8221;default&#8221; width=&#8221;100%&#8221; max_width=&#8221;100%&#8221; height=&#8221;500px&#8221; custom_padding=&#8221;0px||0px||false|false&#8221; custom_css_main_element=&#8221;display:flex;||flex-wrap:wrap;||align-content:flex-end;&#8221; global_colors_info=&#8221;{}&#8221;][et_pb_column type=&#8221;4_4&#8243; _builder_version=&#8221;4.20.2&#8243; _module_preset=&#8221;default&#8221; global_colors_info=&#8221;{}&#8221;][et_pb_text module_id=&#8221;textHome&#8221; module_class=&#8221;textTitleName&#8221; _builder_version=&#8221;4.20.2&#8243; _module_preset=&#8221;default&#8221; text_font=&#8221;|700|||||||&#8221; text_text_color=&#8221;#050505&#8243; text_font_size=&#8221;32px&#8221; background_color=&#8221;#FFFFFF&#8221; text_orientation=&#8221;center&#8221; width=&#8221;40%&#8221; height=&#8221;100px&#8221; custom_margin=&#8221;||||false|false&#8221; custom_padding=&#8221;||20px||false|false&#8221; custom_css_main_element=&#8221;position:relative;||display:flex;||flex-wrap:wrap;||align-content:center;||justify-content:center;||||&#8221; border_radii=&#8221;off||||&#8221; global_colors_info=&#8221;{}&#8221; custom_css_main_element_last_edited=&#8221;on|phone&#8221; custom_css_main_element_tablet=&#8221;position:relative;||display:flex;||flex-wrap:wrap;||align-content:center;||justify-content:center;||top:1px;&#8221; custom_css_main_element_phone=&#8221;position:relative;||display:flex;||flex-wrap:wrap;||align-content:center;||justify-content:center;||top:1px;&#8221;]<\/p>\n<p style=\"margin-top: 20px;\">Tutorials<\/p>\n<p>[\/et_pb_text][\/et_pb_column][\/et_pb_row][\/et_pb_section][et_pb_section fb_built=&#8221;1&#8243; _builder_version=&#8221;4.20.2&#8243; _module_preset=&#8221;default&#8221; custom_padding=&#8221;25px||25px||true|false&#8221; global_colors_info=&#8221;{}&#8221;][et_pb_row _builder_version=&#8221;4.20.2&#8243; _module_preset=&#8221;default&#8221; global_colors_info=&#8221;{}&#8221;][et_pb_column type=&#8221;4_4&#8243; _builder_version=&#8221;4.20.2&#8243; _module_preset=&#8221;default&#8221; global_colors_info=&#8221;{}&#8221;][et_pb_text _builder_version=&#8221;4.20.2&#8243; _module_preset=&#8221;default&#8221; text_text_color=&#8221;#252525&#8243; custom_padding=&#8221;||0px|||&#8221; hover_enabled=&#8221;0&#8243; global_colors_info=&#8221;{}&#8221; sticky_enabled=&#8221;0&#8243;]<\/p>\n<p>On 12th March there will be different Tutorials at PROPOR, which can be viewed in the menu.<\/p>\n<ul>\n<li>Automatic measurement of distances between languages (Cidade da Cultura, Edif\u00edcio Font\u00e1n, Room 10, day 12, from 9.30h to 13h).<\/li>\n<li>Annotating dependency syntax for treebank development (Cidade da Cultura, Edif\u00edcio Font\u00e1n, Room 10, day 12, from 14.30h to 18h).<\/li>\n<\/ul>\n<p>For USC students, the registration to the tutorials is free (even the coffee break \ud83d\ude09). You can register by sending the name of the tutorial or tutorials you want to attend to this email: &lt;propor2024@gmail.com&gt;. The conference organisers are offering free shuttle buses:<\/p>\n<p>Official PROPOR shuttles: The organisation will provide shuttles to the conference in the morning and back at the end of each day. The buses will leave from the Hotel Exe Peregrino, and will stop at Praza de Galicia, at Porta do Cami\u00f1o, and at the hotels located in the San L\u00e1zaro area (Hotel Eurostars San L\u00e1zaro, and Hotel Puerta del Camino).<\/p>\n<p>&nbsp;<\/p>\n<p>[\/et_pb_text][\/et_pb_column][\/et_pb_row][\/et_pb_section]<\/p>\n","protected":false},"excerpt":{"rendered":"<p>TutorialsOn 12th March there will be different Tutorials at PROPOR, which can be viewed in the menu. Automatic measurement of distances between languages (Cidade da Cultura, Edif\u00edcio Font\u00e1n, Room 10, day 12, from 9.30h to 13h). Annotating dependency syntax for treebank development (Cidade da Cultura, Edif\u00edcio Font\u00e1n, Room 10, day 12, from 14.30h to 18h). [&hellip;]<\/p>\n","protected":false},"author":1,"featured_media":0,"parent":0,"menu_order":0,"comment_status":"closed","ping_status":"closed","template":"","meta":{"_et_pb_use_builder":"on","_et_pb_old_content":"","_et_gb_content_width":""},"yoast_head":"<!-- This site is optimized with the Yoast SEO plugin v20.4 - https:\/\/yoast.com\/wordpress\/plugins\/seo\/ -->\n<title>Tutorials - PROPOR 2024 - Universidade de Santiago de Compostela<\/title>\n<meta name=\"robots\" content=\"index, follow, max-snippet:-1, max-image-preview:large, max-video-preview:-1\" \/>\n<link rel=\"canonical\" href=\"https:\/\/propor2024.citius.gal\/index.php\/tutorials\/\" \/>\n<meta name=\"twitter:card\" content=\"summary_large_image\" \/>\n<meta name=\"twitter:title\" content=\"Tutorials - PROPOR 2024 - Universidade de Santiago de Compostela\" \/>\n<meta name=\"twitter:description\" content=\"TutorialsOn 12th March there will be different Tutorials at PROPOR, which can be viewed in the menu. Automatic measurement of distances between languages (Cidade da Cultura, Edif\u00edcio Font\u00e1n, Room 10, day 12, from 9.30h to 13h). Annotating dependency syntax for treebank development (Cidade da Cultura, Edif\u00edcio Font\u00e1n, Room 10, day 12, from 14.30h to 18h). [&hellip;]\" \/>\n<script type=\"application\/ld+json\" class=\"yoast-schema-graph\">{\"@context\":\"https:\/\/schema.org\",\"@graph\":[{\"@type\":\"WebPage\",\"@id\":\"https:\/\/propor2024.citius.gal\/index.php\/tutorials\/\",\"url\":\"https:\/\/propor2024.citius.gal\/index.php\/tutorials\/\",\"name\":\"Tutorials - PROPOR 2024 - Universidade de Santiago de Compostela\",\"isPartOf\":{\"@id\":\"https:\/\/propor2024.citius.gal\/#website\"},\"datePublished\":\"2023-03-29T11:15:47+00:00\",\"dateModified\":\"2024-03-05T20:22:03+00:00\",\"breadcrumb\":{\"@id\":\"https:\/\/propor2024.citius.gal\/index.php\/tutorials\/#breadcrumb\"},\"inLanguage\":\"en-GB\",\"potentialAction\":[{\"@type\":\"ReadAction\",\"target\":[\"https:\/\/propor2024.citius.gal\/index.php\/tutorials\/\"]}]},{\"@type\":\"BreadcrumbList\",\"@id\":\"https:\/\/propor2024.citius.gal\/index.php\/tutorials\/#breadcrumb\",\"itemListElement\":[{\"@type\":\"ListItem\",\"position\":1,\"name\":\"Home\",\"item\":\"https:\/\/propor2024.citius.gal\/\"},{\"@type\":\"ListItem\",\"position\":2,\"name\":\"Tutorials\"}]},{\"@type\":\"WebSite\",\"@id\":\"https:\/\/propor2024.citius.gal\/#website\",\"url\":\"https:\/\/propor2024.citius.gal\/\",\"name\":\"PROPOR 2024 - Universidade de Santiago de Compostela\",\"description\":\"International Conference on Computational Processing of Portuguese\",\"publisher\":{\"@id\":\"https:\/\/propor2024.citius.gal\/#organization\"},\"potentialAction\":[{\"@type\":\"SearchAction\",\"target\":{\"@type\":\"EntryPoint\",\"urlTemplate\":\"https:\/\/propor2024.citius.gal\/?s={search_term_string}\"},\"query-input\":\"required name=search_term_string\"}],\"inLanguage\":\"en-GB\"},{\"@type\":\"Organization\",\"@id\":\"https:\/\/propor2024.citius.gal\/#organization\",\"name\":\"PROPOR 2024 - Universidade de Santiago de Compostela\",\"url\":\"https:\/\/propor2024.citius.gal\/\",\"logo\":{\"@type\":\"ImageObject\",\"inLanguage\":\"en-GB\",\"@id\":\"https:\/\/propor2024.citius.gal\/#\/schema\/logo\/image\/\",\"url\":\"http:\/\/172.16.240.236\/wp-content\/uploads\/2023\/03\/faviconPROPOR2024.png\",\"contentUrl\":\"http:\/\/172.16.240.236\/wp-content\/uploads\/2023\/03\/faviconPROPOR2024.png\",\"width\":200,\"height\":200,\"caption\":\"PROPOR 2024 - Universidade de Santiago de Compostela\"},\"image\":{\"@id\":\"https:\/\/propor2024.citius.gal\/#\/schema\/logo\/image\/\"}}]}<\/script>\n<!-- \/ Yoast SEO plugin. -->","yoast_head_json":{"title":"Tutorials - PROPOR 2024 - Universidade de Santiago de Compostela","robots":{"index":"index","follow":"follow","max-snippet":"max-snippet:-1","max-image-preview":"max-image-preview:large","max-video-preview":"max-video-preview:-1"},"canonical":"https:\/\/propor2024.citius.gal\/index.php\/tutorials\/","twitter_card":"summary_large_image","twitter_title":"Tutorials - PROPOR 2024 - Universidade de Santiago de Compostela","twitter_description":"TutorialsOn 12th March there will be different Tutorials at PROPOR, which can be viewed in the menu. Automatic measurement of distances between languages (Cidade da Cultura, Edif\u00edcio Font\u00e1n, Room 10, day 12, from 9.30h to 13h). Annotating dependency syntax for treebank development (Cidade da Cultura, Edif\u00edcio Font\u00e1n, Room 10, day 12, from 14.30h to 18h). [&hellip;]","schema":{"@context":"https:\/\/schema.org","@graph":[{"@type":"WebPage","@id":"https:\/\/propor2024.citius.gal\/index.php\/tutorials\/","url":"https:\/\/propor2024.citius.gal\/index.php\/tutorials\/","name":"Tutorials - PROPOR 2024 - Universidade de Santiago de Compostela","isPartOf":{"@id":"https:\/\/propor2024.citius.gal\/#website"},"datePublished":"2023-03-29T11:15:47+00:00","dateModified":"2024-03-05T20:22:03+00:00","breadcrumb":{"@id":"https:\/\/propor2024.citius.gal\/index.php\/tutorials\/#breadcrumb"},"inLanguage":"en-GB","potentialAction":[{"@type":"ReadAction","target":["https:\/\/propor2024.citius.gal\/index.php\/tutorials\/"]}]},{"@type":"BreadcrumbList","@id":"https:\/\/propor2024.citius.gal\/index.php\/tutorials\/#breadcrumb","itemListElement":[{"@type":"ListItem","position":1,"name":"Home","item":"https:\/\/propor2024.citius.gal\/"},{"@type":"ListItem","position":2,"name":"Tutorials"}]},{"@type":"WebSite","@id":"https:\/\/propor2024.citius.gal\/#website","url":"https:\/\/propor2024.citius.gal\/","name":"PROPOR 2024 - Universidade de Santiago de Compostela","description":"International Conference on Computational Processing of Portuguese","publisher":{"@id":"https:\/\/propor2024.citius.gal\/#organization"},"potentialAction":[{"@type":"SearchAction","target":{"@type":"EntryPoint","urlTemplate":"https:\/\/propor2024.citius.gal\/?s={search_term_string}"},"query-input":"required name=search_term_string"}],"inLanguage":"en-GB"},{"@type":"Organization","@id":"https:\/\/propor2024.citius.gal\/#organization","name":"PROPOR 2024 - Universidade de Santiago de Compostela","url":"https:\/\/propor2024.citius.gal\/","logo":{"@type":"ImageObject","inLanguage":"en-GB","@id":"https:\/\/propor2024.citius.gal\/#\/schema\/logo\/image\/","url":"http:\/\/172.16.240.236\/wp-content\/uploads\/2023\/03\/faviconPROPOR2024.png","contentUrl":"http:\/\/172.16.240.236\/wp-content\/uploads\/2023\/03\/faviconPROPOR2024.png","width":200,"height":200,"caption":"PROPOR 2024 - Universidade de Santiago de Compostela"},"image":{"@id":"https:\/\/propor2024.citius.gal\/#\/schema\/logo\/image\/"}}]}},"_links":{"self":[{"href":"https:\/\/propor2024.citius.gal\/index.php\/wp-json\/wp\/v2\/pages\/750"}],"collection":[{"href":"https:\/\/propor2024.citius.gal\/index.php\/wp-json\/wp\/v2\/pages"}],"about":[{"href":"https:\/\/propor2024.citius.gal\/index.php\/wp-json\/wp\/v2\/types\/page"}],"author":[{"embeddable":true,"href":"https:\/\/propor2024.citius.gal\/index.php\/wp-json\/wp\/v2\/users\/1"}],"replies":[{"embeddable":true,"href":"https:\/\/propor2024.citius.gal\/index.php\/wp-json\/wp\/v2\/comments?post=750"}],"version-history":[{"count":3,"href":"https:\/\/propor2024.citius.gal\/index.php\/wp-json\/wp\/v2\/pages\/750\/revisions"}],"predecessor-version":[{"id":1321,"href":"https:\/\/propor2024.citius.gal\/index.php\/wp-json\/wp\/v2\/pages\/750\/revisions\/1321"}],"wp:attachment":[{"href":"https:\/\/propor2024.citius.gal\/index.php\/wp-json\/wp\/v2\/media?parent=750"}],"curies":[{"name":"wp","href":"https:\/\/api.w.org\/{rel}","templated":true}]}}