{"id":766,"date":"2023-03-29T11:22:20","date_gmt":"2023-03-29T11:22:20","guid":{"rendered":"http:\/\/172.16.240.236\/?page_id=766"},"modified":"2024-01-29T09:18:46","modified_gmt":"2024-01-29T08:18:46","slug":"program-committee","status":"publish","type":"page","link":"https:\/\/propor2024.citius.gal\/index.php\/program-committee\/","title":{"rendered":"Program committee"},"content":{"rendered":"<p>[et_pb_section fb_built=&#8221;1&#8243; _builder_version=&#8221;4.16&#8243; global_colors_info=&#8221;{}&#8221;][et_pb_row _builder_version=&#8221;4.16&#8243; background_size=&#8221;initial&#8221; background_position=&#8221;top_left&#8221; background_repeat=&#8221;repeat&#8221; global_colors_info=&#8221;{}&#8221;][et_pb_column type=&#8221;4_4&#8243; _builder_version=&#8221;4.16&#8243; custom_padding=&#8221;|||&#8221; global_colors_info=&#8221;{}&#8221; custom_padding__hover=&#8221;|||&#8221;][et_pb_text _builder_version=&#8221;4.16&#8243; background_size=&#8221;initial&#8221; background_position=&#8221;top_left&#8221; background_repeat=&#8221;repeat&#8221; global_colors_info=&#8221;{}&#8221;]<\/p>\n<p>Adina Vladu, Universidade de Santiago de Compostela<br \/>Adriana Pagano, UFMG<br \/>Alberto Abad, IST\/INESC-ID<br \/>Alberto Sim\u00f5es, 2Ai Lab &#8211; IPCA<br \/>Alexandre Rademaker, IBM Research and EMAp\/FGV<br \/>Aline Paes Institute of Computing, Universidade Federal Fluminense<br \/>Am\u00e1lia Mendes, Centro de Lingu\u00edstica da Universidade de Lisboa<br \/>Ana Isabel Mata, Universidade de Lisboa<br \/>Ana Lu\u00edsa V Leal, Universidade de Macau<br \/>Antonio Bonafonte, Amazon<br \/>Ant\u00f3nio Branco, Faculdade de Ci\u00eancias da Universidade de Lisboa<br \/>Antonio Teixeira, University of Aveiro<br \/>Ariani Di Felippo, Universidade Federal de S\u00e3o Carlos<br \/>Arnaldo Candido Junior, UTFPR<br \/>Berthold Crysmann, CNRS &#8211; LLF (UMR 7110) &#8211; U Paris<br \/>Brett Drury, Liverpool Hope University<br \/>Bruno Martins, IST and INESC-ID &#8211; Instituto Superior T\u00e9cnico, University of Lisbon<br \/>Carlos A. Prolo, UFRN<br \/>Carlos Ramisch, Aix Marseille University<br \/>Carmen Magari\u00f1os, Universidade de Santiago de Compostela<br \/>Catarina Oliveira, University of Aveiro<br \/>Christopher Shulby, University of S\u00e3o Paulo<br \/>Cristiane Namiuti, Universidade Estadual do Sudoeste da Bahia<br \/>Cristina Carbajal, University of Santiago de Compostela<br \/>Daniela Claro, FORMAS Research Group &#8211; Federal University of Bahia<br \/>Daniel Beck, The University of Melbourne<br \/>David Martins de Matos, INESC-ID, Instituto Superior T\u00e9cnico, Universidade de Lisboa<br \/>Diamantino Freitas, University of Porto<br \/>Diana Santos, University of Oslo<br \/>Eloize Seno, Federal Institute of S\u00e3o Paulo<br \/>Eric Laporte, Universit\u00e9 Gustave Eiffel<br \/>Evelin Amorim, INESC TEC<br \/>Fernando Batista, INESC-ID &amp; ISCTE-IUL<br \/>Fernando Perdig\u00e3o, IT<br \/>Ga\u00ebl Dias, Normandie University<br \/>Helena Berm\u00fadez, JinnTec GmbH<br \/>Helena Caseli, Federal University of S\u00e3o Carlos (UFSCar)<br \/>Hugo Gon\u00e7alo Oliveira, CISUC, University of Coimbra<br \/>Irene Rodrigues, Universidade de Evora &#8211; Portugal<br \/>Iria de Dios Flores, Centro de Investigaci\u00f3n en Tecnolox\u00edas Intelixentes (CiTIUS) Universidade de Santiago de Compostela<br \/>Isabel Fal\u00e9, Universidade Aberta\/CLUL<br \/>Isabel Trancoso, INESC ID Lisboa \/ IST<br \/>Ivandr\u00e9 Paraboni, University of S\u00e3o Paulo<br \/>Ivanovitch Silva, Universidade Federal do Rio Grande do Norte<br \/>Javier Gonz\u00e1lez Corbelle, University of Santiago de Compostela (USC)<br \/>Jo\u00e3o Balsa Lasige, Universidade de Lisboa<br \/>Jo\u00e3o Silva, Universidade de Lisboa<br \/>Jorge Baptista, U. Algarve &amp; L2F-Spoken Language Lab,INESC ID Lisboa (Portugal)<br \/>Jos\u00e9 Ramom Pichel, Universidade de Santiago de Compostela<br \/>Jose Saias, Universidade de \u00c9vora<br \/>Leandro Oliveira Embrapa, Informatica Agropecuaria<br \/>Leonardo Zilio, Friedrich-Alexander-Universit\u00e4t Erlangen-N\u00fcrnberg<br \/>Livy Real, americanas s.a.<br \/>Luciana Benotti, Universidad Nacional de Cordoba<br \/>Magali Duran, University of S\u00e3o Paulo<br \/>Marcelo Finger, University of S\u00e3o Paulo<br \/>Marcos Fern\u00e1ndez Pichel, Universidade de Santiago de Compostela<br \/>Marcos Garcia, Universidade de Santiago de Compostela<br \/>Marcos Spalenza, UFES<br \/>Marcos Treviso, Universidade Federal do Pampa<br \/>Maria Das Gra\u00e7as, Volpe Nunes USP<br \/>Maria Jose Bocorny Finatto, UFRGS<br \/>Mario Ezra Aragon, CiTIUS<br \/>M\u00e1rio Rodrigues, ESTGA \/ IEETA &#8211; University of Aveiro<br \/>Marlo Souza, Federal University of Bahia<br \/>Mart\u00edn Pereira-Fari\u00f1a, University of Santiago de Compostela<br \/>Mikel Forcada, DLSI &#8211; Universitat d&#8217;Alacant<br \/>N\u00e1dia Silva, USP &#8211; Instituto de Ci\u00eancias Matem\u00e1ticas e de Computa\u00e7\u00e3o<br \/>Nat\u00e1lia Resende, Dublin City University, School of Computing, Adapt Centre<br \/>Nelson Neto, Universidade Federal do Par\u00e1<br \/>Norton Roman, School of Arts, Sciences and Humanities &#8211; USP<br \/>Oto Vale, Universidade Federal de Sao Carlos<br \/>Pablo Faria, University of Campinas &#8211; UNICAMP<br \/>Pablo Gamallo, University of Santiago de Compostela<br \/>Palmira Marrafa, Universidade de Lisboa<br \/>Paula C. F. Cardoso, Universidade Federal de Lavras<br \/>Paulo Quaresma, Universidade de Evora<br \/>Plinio Barbosa, University of Campinas<br \/>Prakash Poudyal, Kathmandu University<br \/>Raquel Amaro, Centro de Linguistica da Universidade Nova de Lisboa<br \/>Renata Vieira, Universidade de \u00c9vora<br \/>Ricardo Ribeiro, INESC ID Lisboa\/ISCTE-IUL<br \/>Ricardo Rodrigues, Centre for Informatics and Systems of the University of Coimbra &amp; College of Education of the Polytechnic of Coimbra<br \/>Sandra Aluisio, University of S\u00e3o Paulo\/ICMC\/NILC<br \/>Sara Mendes, Centro de Linguistica da Universidade de Lisboa<br \/>Saullo Haniell, PUC<br \/>Sheila Castilho, Dublin City University<br \/>Sof\u00eda Garc\u00eda, UPV\/EHU<br \/>Susana Duarte Martins, Universidade NOVA de Lisboa \/ NOVA FCSH \/ NOVA CLUNL<br \/>Susana Sotelo Doc\u00edo, Universidade de Santiago<br \/>Tam\u00e1s G\u00e1bor, Csap\u00f3 Budapest University of Technology and Economics<br \/>Teresa Goncalves, University of Evora<br \/>Thiago Ferreira, University of S\u00e3o Paulo<br \/>Thiago Pardo, University of S\u00e3o Paulo<br \/>Valeria de Paiva, Samsung Research America and University of Birmingham<br \/>Valeria Feltrim, Universidade Estadual de Maring\u00e1<br \/>Violeta Quental, PUC-Rio<br \/>Vl\u00e1dia Pinheiro, Universidade de Fortaleza<\/p>\n<p>&nbsp;<\/p>\n<p>&nbsp;<\/p>\n<p><!-- \/divi:list -->[\/et_pb_text][\/et_pb_column][\/et_pb_row][\/et_pb_section]<\/p>\n","protected":false},"excerpt":{"rendered":"<p>Adina Vladu, Universidade de Santiago de CompostelaAdriana Pagano, UFMGAlberto Abad, IST\/INESC-IDAlberto Sim\u00f5es, 2Ai Lab &#8211; IPCAAlexandre Rademaker, IBM Research and EMAp\/FGVAline Paes Institute of Computing, Universidade Federal FluminenseAm\u00e1lia Mendes, Centro de Lingu\u00edstica da Universidade de LisboaAna Isabel Mata, Universidade de LisboaAna Lu\u00edsa V Leal, Universidade de MacauAntonio Bonafonte, AmazonAnt\u00f3nio Branco, Faculdade de Ci\u00eancias da Universidade [&hellip;]<\/p>\n","protected":false},"author":1,"featured_media":0,"parent":0,"menu_order":0,"comment_status":"closed","ping_status":"closed","template":"","meta":{"_et_pb_use_builder":"on","_et_pb_old_content":"<!-- wp:list -->\n<ul><!-- wp:list-item -->\n<li>Adriana Pagano, UFMG<\/li>\n<!-- \/wp:list-item -->\n\n<!-- wp:list-item -->\n<li>Alberto Abad, IST\/INESC-ID<\/li>\n<!-- \/wp:list-item -->\n\n<!-- wp:list-item -->\n<li>Alexandre Rademaker, IBM Research and EMAp\/FGV<\/li>\n<!-- \/wp:list-item -->\n\n<!-- wp:list-item -->\n<li>Alexandre Salle, Institute of Informatics, Universidade Federal do Rio Grande do Sul<\/li>\n<!-- \/wp:list-item -->\n\n<!-- wp:list-item -->\n<li>Aline Paes, Department of Computer Science, Universidade Federal Fluminense<\/li>\n<!-- \/wp:list-item -->\n\n<!-- wp:list-item -->\n<li>Am\u00e1lia Mendes, Centro de Lingu\u00edstica da Universidade de Lisboa<\/li>\n<!-- \/wp:list-item -->\n\n<!-- wp:list-item -->\n<li>Ana Isabel Mata, Universidade de Lisboa<\/li>\n<!-- \/wp:list-item -->\n\n<!-- wp:list-item -->\n<li>Ana Lu\u00edsa V Leal, Universidade de Macau<\/li>\n<!-- \/wp:list-item -->\n\n<!-- wp:list-item -->\n<li>Antonio Bonafonte, Amazon<\/li>\n<!-- \/wp:list-item -->\n\n<!-- wp:list-item -->\n<li>Ant\u00f3nio Branco, Universidade de Lisboa<\/li>\n<!-- \/wp:list-item -->\n\n<!-- wp:list-item -->\n<li>Antonio Teixeira, University of Aveiro<\/li>\n<!-- \/wp:list-item -->\n\n<!-- wp:list-item -->\n<li>Ariani Di Felippo, Universidade Federal de S\u00e3o Carlos<\/li>\n<!-- \/wp:list-item -->\n\n<!-- wp:list-item -->\n<li>Arnaldo Candido Junior, UTFPR<\/li>\n<!-- \/wp:list-item -->\n\n<!-- wp:list-item -->\n<li>Berthold Crysmann, CNRS - LLF (UMR 7110) - U Paris<\/li>\n<!-- \/wp:list-item -->\n\n<!-- wp:list-item -->\n<li>Brett Drury, Liverpool Hope University<\/li>\n<!-- \/wp:list-item -->\n\n<!-- wp:list-item -->\n<li>Bruno Martins, IST and INESC-ID - Instituto Superior T\u00e9cnico, University of Lisbon<\/li>\n<!-- \/wp:list-item -->\n\n<!-- wp:list-item -->\n<li>Christopher Shulby, University of S\u00e3o Paulo<\/li>\n<!-- \/wp:list-item -->\n\n<!-- wp:list-item -->\n<li>Cl\u00e1udia Barros, UFSCar<\/li>\n<!-- \/wp:list-item -->\n\n<!-- wp:list-item -->\n<li>Cristiane Namiuti, Universidade Estadual do Sudoeste da Bahia<\/li>\n<!-- \/wp:list-item -->\n\n<!-- wp:list-item -->\n<li>Daniela Claro, FORMAS Research Group - Federal University of Bahia<\/li>\n<!-- \/wp:list-item -->\n\n<!-- wp:list-item -->\n<li>Daniel Beck, The University of Melbourne<\/li>\n<!-- \/wp:list-item -->\n\n<!-- wp:list-item -->\n<li>David Martins de Matos, INESC-ID, Instituto Superior T\u00e9cnico, Universidade de Lisboa<\/li>\n<!-- \/wp:list-item -->\n\n<!-- wp:list-item -->\n<li>Diamantino Freitas, University of Porto<\/li>\n<!-- \/wp:list-item -->\n\n<!-- wp:list-item -->\n<li>Diana Santos, University of Oslo<\/li>\n<!-- \/wp:list-item -->\n\n<!-- wp:list-item -->\n<li>Eloize Seno, Federal Institute of S\u00e3o Paulo<\/li>\n<!-- \/wp:list-item -->\n\n<!-- wp:list-item -->\n<li>Eric Laporte, Universit\u00e9 Gustave Eiffel<\/li>\n<!-- \/wp:list-item -->\n\n<!-- wp:list-item -->\n<li>Evelin Amorim, INESC TEC<\/li>\n<!-- \/wp:list-item -->\n\n<!-- wp:list-item -->\n<li>Fernando Batista, INESC-ID &amp; ISCTE-IUL<\/li>\n<!-- \/wp:list-item -->\n\n<!-- wp:list-item -->\n<li>Ga\u00ebl Dias, Normandie University<\/li>\n<!-- \/wp:list-item -->\n\n<!-- wp:list-item -->\n<li>Helena Caseli, Federal University of S\u00e3o Carlos (UFSCar)<\/li>\n<!-- \/wp:list-item -->\n\n<!-- wp:list-item -->\n<li>Hugo Gon\u00e7alo Oliveira, CISUC, University of Coimbra<\/li>\n<!-- \/wp:list-item -->\n\n<!-- wp:list-item -->\n<li>Irene Rodrigues, Universidade de Evora - Portugal<\/li>\n<!-- \/wp:list-item -->\n\n<!-- wp:list-item -->\n<li>Iria de Dios Flores, CiTIUS - Universidade de Santiago de Compostela<\/li>\n<!-- \/wp:list-item -->\n\n<!-- wp:list-item -->\n<li>Isabel Fal\u00e9, Universidade Aberta\/CLUL<\/li>\n<!-- \/wp:list-item -->\n\n<!-- wp:list-item -->\n<li>Ivandr\u00e9 Paraboni, University of S\u00e3o Paulo<\/li>\n<!-- \/wp:list-item -->\n\n<!-- wp:list-item -->\n<li>Jo\u00e3o Balsa, Lasige, Universidade de Lisboa<\/li>\n<!-- \/wp:list-item -->\n\n<!-- wp:list-item -->\n<li>Jo\u00e3o Silva, Universidade de Lisboa<\/li>\n<!-- \/wp:list-item -->\n\n<!-- wp:list-item -->\n<li>Jorge Baptista, Univerisdade do Algarve<\/li>\n<!-- \/wp:list-item -->\n\n<!-- wp:list-item -->\n<li>Jose Saias, Universidade de \u00c9vora<\/li>\n<!-- \/wp:list-item -->\n\n<!-- wp:list-item -->\n<li>Leornardo Zilio, Friedrich-Alexander-Universit\u00e4t Erlangen-N\u00fcrnberg<\/li>\n<!-- \/wp:list-item -->\n\n<!-- wp:list-item -->\n<li>Livy Real, americanas s.a.<\/li>\n<!-- \/wp:list-item -->\n\n<!-- wp:list-item -->\n<li>Magali Duran, University of S\u00e3o Paulo<\/li>\n<!-- \/wp:list-item -->\n\n<!-- wp:list-item -->\n<li>Marcelo Finger, University of S\u00e3o Paulo<\/li>\n<!-- \/wp:list-item -->\n\n<!-- wp:list-item -->\n<li>Marcos Garcia, Universidade de Santiago de Compostela<\/li>\n<!-- \/wp:list-item -->\n\n<!-- wp:list-item -->\n<li>Marcos Treviso, Universidade Federal do Pampa<\/li>\n<!-- \/wp:list-item -->\n\n<!-- wp:list-item -->\n<li>Maria Das Gra\u00e7as Volpe Nunes, USP<\/li>\n<!-- \/wp:list-item -->\n\n<!-- wp:list-item -->\n<li>Maria Jose Bocorny Finatto, UFRGS<\/li>\n<!-- \/wp:list-item -->\n\n<!-- wp:list-item -->\n<li>Marlo Souza, Federal University of Bahia<\/li>\n<!-- \/wp:list-item -->\n\n<!-- wp:list-item -->\n<li>Marlo Souza, Universidade Federal da Bahia<\/li>\n<!-- \/wp:list-item -->\n\n<!-- wp:list-item -->\n<li>Mart\u00edn Pereira-Fari\u00f1a, University of Santiago de Compostela<\/li>\n<!-- \/wp:list-item -->\n\n<!-- wp:list-item -->\n<li>Mikel Forcada, DLSI - Universitat d'Alacant<\/li>\n<!-- \/wp:list-item -->\n\n<!-- wp:list-item -->\n<li>Nelson Neto, Universidade Federal do Par\u00e1<\/li>\n<!-- \/wp:list-item -->\n\n<!-- wp:list-item -->\n<li>Norton Roman, School of Arts, Sciences and Humanities - USP<\/li>\n<!-- \/wp:list-item -->\n\n<!-- wp:list-item -->\n<li>Oto Vale, Universidade Federal de Sao Carlos<\/li>\n<!-- \/wp:list-item -->\n\n<!-- wp:list-item -->\n<li>Pablo Faria, University of Campinas - UNICAMP<\/li>\n<!-- \/wp:list-item -->\n\n<!-- wp:list-item -->\n<li>Pablo Gamallo, University of Santiago de Compostela<\/li>\n<!-- \/wp:list-item -->\n\n<!-- wp:list-item -->\n<li>Palmira Marrafa, Universidade de Lisboa<\/li>\n<!-- \/wp:list-item -->\n\n<!-- wp:list-item -->\n<li>Paulo Quaresma, Universidade de Evora<\/li>\n<!-- \/wp:list-item -->\n\n<!-- wp:list-item -->\n<li>Plinio Barbosa, University of Campinas<\/li>\n<!-- \/wp:list-item -->\n\n<!-- wp:list-item -->\n<li>Renata Vieira, Univ. de \u00c9vora \/ PUCRS, Brasis<\/li>\n<!-- \/wp:list-item -->\n\n<!-- wp:list-item -->\n<li>Renata Vieira, Universidade de \u00c9vora<\/li>\n<!-- \/wp:list-item -->\n\n<!-- wp:list-item -->\n<li>Ricardo Rodrigues, CISUC - University of Coimbra &amp; College of Education of the Polytechnic of Coimbra<\/li>\n<!-- \/wp:list-item -->\n\n<!-- wp:list-item -->\n<li>Sandra Aluisio, University of S\u00e3o Paulo\/ICMC\/NILC<\/li>\n<!-- \/wp:list-item -->\n\n<!-- wp:list-item -->\n<li>Sheila Castilho, Dublin City University<\/li>\n<!-- \/wp:list-item -->\n\n<!-- wp:list-item -->\n<li>Susana Duarte Martins, Universidade NOVA de Lisboa \/ NOVA FCSH \/ NOVA CLUNL<\/li>\n<!-- \/wp:list-item -->\n\n<!-- wp:list-item -->\n<li>Teresa Goncalves, University of Evora<\/li>\n<!-- \/wp:list-item -->\n\n<!-- wp:list-item -->\n<li>Thiago Ferreira, University of S\u00e3o Paulo<\/li>\n<!-- \/wp:list-item -->\n\n<!-- wp:list-item -->\n<li>Thiago Pardo, University of S\u00e3o Paulo<\/li>\n<!-- \/wp:list-item -->\n\n<!-- wp:list-item -->\n<li>Valeria de Paiva, Samsung Research America and University of Birmingham<\/li>\n<!-- \/wp:list-item -->\n\n<!-- wp:list-item -->\n<li>Valeria Feltrim, Universidade Estadual de Maring\u00e1<\/li>\n<!-- \/wp:list-item -->\n\n<!-- wp:list-item -->\n<li>Violeta Quental, PUC-Rio<\/li>\n<!-- \/wp:list-item --><\/ul>\n<!-- \/wp:list -->","_et_gb_content_width":""},"yoast_head":"<!-- This site is optimized with the Yoast SEO plugin v20.4 - https:\/\/yoast.com\/wordpress\/plugins\/seo\/ -->\n<title>Program committee - PROPOR 2024 - Universidade de Santiago de Compostela<\/title>\n<meta name=\"robots\" content=\"index, follow, max-snippet:-1, max-image-preview:large, max-video-preview:-1\" \/>\n<link rel=\"canonical\" href=\"https:\/\/propor2024.citius.gal\/index.php\/program-committee\/\" \/>\n<meta name=\"twitter:card\" content=\"summary_large_image\" \/>\n<meta name=\"twitter:title\" content=\"Program committee - PROPOR 2024 - Universidade de Santiago de Compostela\" \/>\n<meta name=\"twitter:description\" content=\"Adina Vladu, Universidade de Santiago de CompostelaAdriana Pagano, UFMGAlberto Abad, IST\/INESC-IDAlberto Sim\u00f5es, 2Ai Lab - IPCAAlexandre Rademaker, IBM Research and EMAp\/FGVAline Paes Institute of Computing, Universidade Federal FluminenseAm\u00e1lia Mendes, Centro de Lingu\u00edstica da Universidade de LisboaAna Isabel Mata, Universidade de LisboaAna Lu\u00edsa V Leal, Universidade de MacauAntonio Bonafonte, AmazonAnt\u00f3nio Branco, Faculdade de Ci\u00eancias da Universidade [&hellip;]\" \/>\n<script type=\"application\/ld+json\" class=\"yoast-schema-graph\">{\"@context\":\"https:\/\/schema.org\",\"@graph\":[{\"@type\":\"WebPage\",\"@id\":\"https:\/\/propor2024.citius.gal\/index.php\/program-committee\/\",\"url\":\"https:\/\/propor2024.citius.gal\/index.php\/program-committee\/\",\"name\":\"Program committee - PROPOR 2024 - Universidade de Santiago de Compostela\",\"isPartOf\":{\"@id\":\"https:\/\/propor2024.citius.gal\/#website\"},\"datePublished\":\"2023-03-29T11:22:20+00:00\",\"dateModified\":\"2024-01-29T08:18:46+00:00\",\"breadcrumb\":{\"@id\":\"https:\/\/propor2024.citius.gal\/index.php\/program-committee\/#breadcrumb\"},\"inLanguage\":\"en-GB\",\"potentialAction\":[{\"@type\":\"ReadAction\",\"target\":[\"https:\/\/propor2024.citius.gal\/index.php\/program-committee\/\"]}]},{\"@type\":\"BreadcrumbList\",\"@id\":\"https:\/\/propor2024.citius.gal\/index.php\/program-committee\/#breadcrumb\",\"itemListElement\":[{\"@type\":\"ListItem\",\"position\":1,\"name\":\"Home\",\"item\":\"https:\/\/propor2024.citius.gal\/\"},{\"@type\":\"ListItem\",\"position\":2,\"name\":\"Program committee\"}]},{\"@type\":\"WebSite\",\"@id\":\"https:\/\/propor2024.citius.gal\/#website\",\"url\":\"https:\/\/propor2024.citius.gal\/\",\"name\":\"PROPOR 2024 - Universidade de Santiago de Compostela\",\"description\":\"International Conference on Computational Processing of Portuguese\",\"publisher\":{\"@id\":\"https:\/\/propor2024.citius.gal\/#organization\"},\"potentialAction\":[{\"@type\":\"SearchAction\",\"target\":{\"@type\":\"EntryPoint\",\"urlTemplate\":\"https:\/\/propor2024.citius.gal\/?s={search_term_string}\"},\"query-input\":\"required name=search_term_string\"}],\"inLanguage\":\"en-GB\"},{\"@type\":\"Organization\",\"@id\":\"https:\/\/propor2024.citius.gal\/#organization\",\"name\":\"PROPOR 2024 - Universidade de Santiago de Compostela\",\"url\":\"https:\/\/propor2024.citius.gal\/\",\"logo\":{\"@type\":\"ImageObject\",\"inLanguage\":\"en-GB\",\"@id\":\"https:\/\/propor2024.citius.gal\/#\/schema\/logo\/image\/\",\"url\":\"http:\/\/172.16.240.236\/wp-content\/uploads\/2023\/03\/faviconPROPOR2024.png\",\"contentUrl\":\"http:\/\/172.16.240.236\/wp-content\/uploads\/2023\/03\/faviconPROPOR2024.png\",\"width\":200,\"height\":200,\"caption\":\"PROPOR 2024 - Universidade de Santiago de Compostela\"},\"image\":{\"@id\":\"https:\/\/propor2024.citius.gal\/#\/schema\/logo\/image\/\"}}]}<\/script>\n<!-- \/ Yoast SEO plugin. -->","yoast_head_json":{"title":"Program committee - PROPOR 2024 - Universidade de Santiago de Compostela","robots":{"index":"index","follow":"follow","max-snippet":"max-snippet:-1","max-image-preview":"max-image-preview:large","max-video-preview":"max-video-preview:-1"},"canonical":"https:\/\/propor2024.citius.gal\/index.php\/program-committee\/","twitter_card":"summary_large_image","twitter_title":"Program committee - PROPOR 2024 - Universidade de Santiago de Compostela","twitter_description":"Adina Vladu, Universidade de Santiago de CompostelaAdriana Pagano, UFMGAlberto Abad, IST\/INESC-IDAlberto Sim\u00f5es, 2Ai Lab - IPCAAlexandre Rademaker, IBM Research and EMAp\/FGVAline Paes Institute of Computing, Universidade Federal FluminenseAm\u00e1lia Mendes, Centro de Lingu\u00edstica da Universidade de LisboaAna Isabel Mata, Universidade de LisboaAna Lu\u00edsa V Leal, Universidade de MacauAntonio Bonafonte, AmazonAnt\u00f3nio Branco, Faculdade de Ci\u00eancias da Universidade [&hellip;]","schema":{"@context":"https:\/\/schema.org","@graph":[{"@type":"WebPage","@id":"https:\/\/propor2024.citius.gal\/index.php\/program-committee\/","url":"https:\/\/propor2024.citius.gal\/index.php\/program-committee\/","name":"Program committee - PROPOR 2024 - Universidade de Santiago de Compostela","isPartOf":{"@id":"https:\/\/propor2024.citius.gal\/#website"},"datePublished":"2023-03-29T11:22:20+00:00","dateModified":"2024-01-29T08:18:46+00:00","breadcrumb":{"@id":"https:\/\/propor2024.citius.gal\/index.php\/program-committee\/#breadcrumb"},"inLanguage":"en-GB","potentialAction":[{"@type":"ReadAction","target":["https:\/\/propor2024.citius.gal\/index.php\/program-committee\/"]}]},{"@type":"BreadcrumbList","@id":"https:\/\/propor2024.citius.gal\/index.php\/program-committee\/#breadcrumb","itemListElement":[{"@type":"ListItem","position":1,"name":"Home","item":"https:\/\/propor2024.citius.gal\/"},{"@type":"ListItem","position":2,"name":"Program committee"}]},{"@type":"WebSite","@id":"https:\/\/propor2024.citius.gal\/#website","url":"https:\/\/propor2024.citius.gal\/","name":"PROPOR 2024 - Universidade de Santiago de Compostela","description":"International Conference on Computational Processing of Portuguese","publisher":{"@id":"https:\/\/propor2024.citius.gal\/#organization"},"potentialAction":[{"@type":"SearchAction","target":{"@type":"EntryPoint","urlTemplate":"https:\/\/propor2024.citius.gal\/?s={search_term_string}"},"query-input":"required name=search_term_string"}],"inLanguage":"en-GB"},{"@type":"Organization","@id":"https:\/\/propor2024.citius.gal\/#organization","name":"PROPOR 2024 - Universidade de Santiago de Compostela","url":"https:\/\/propor2024.citius.gal\/","logo":{"@type":"ImageObject","inLanguage":"en-GB","@id":"https:\/\/propor2024.citius.gal\/#\/schema\/logo\/image\/","url":"http:\/\/172.16.240.236\/wp-content\/uploads\/2023\/03\/faviconPROPOR2024.png","contentUrl":"http:\/\/172.16.240.236\/wp-content\/uploads\/2023\/03\/faviconPROPOR2024.png","width":200,"height":200,"caption":"PROPOR 2024 - Universidade de Santiago de Compostela"},"image":{"@id":"https:\/\/propor2024.citius.gal\/#\/schema\/logo\/image\/"}}]}},"_links":{"self":[{"href":"https:\/\/propor2024.citius.gal\/index.php\/wp-json\/wp\/v2\/pages\/766"}],"collection":[{"href":"https:\/\/propor2024.citius.gal\/index.php\/wp-json\/wp\/v2\/pages"}],"about":[{"href":"https:\/\/propor2024.citius.gal\/index.php\/wp-json\/wp\/v2\/types\/page"}],"author":[{"embeddable":true,"href":"https:\/\/propor2024.citius.gal\/index.php\/wp-json\/wp\/v2\/users\/1"}],"replies":[{"embeddable":true,"href":"https:\/\/propor2024.citius.gal\/index.php\/wp-json\/wp\/v2\/comments?post=766"}],"version-history":[{"count":13,"href":"https:\/\/propor2024.citius.gal\/index.php\/wp-json\/wp\/v2\/pages\/766\/revisions"}],"predecessor-version":[{"id":1230,"href":"https:\/\/propor2024.citius.gal\/index.php\/wp-json\/wp\/v2\/pages\/766\/revisions\/1230"}],"wp:attachment":[{"href":"https:\/\/propor2024.citius.gal\/index.php\/wp-json\/wp\/v2\/media?parent=766"}],"curies":[{"name":"wp","href":"https:\/\/api.w.org\/{rel}","templated":true}]}}